{"id":528,"date":"2026-02-28T16:31:24","date_gmt":"2026-02-28T19:31:24","guid":{"rendered":"https:\/\/sportsbol.com.br\/?page_id=528"},"modified":"2026-03-26T14:29:32","modified_gmt":"2026-03-26T17:29:32","slug":"siderugica","status":"publish","type":"page","link":"https:\/\/sportsbol.com.br\/?page_id=528","title":{"rendered":"Sider\u00fargica"},"content":{"rendered":"\t\t<div data-elementor-type=\"wp-page\" data-elementor-id=\"528\" class=\"elementor elementor-528\" data-elementor-post-type=\"page\">\n\t\t\t\t<div class=\"elementor-element elementor-element-bad9382 e-flex e-con-boxed e-con e-parent\" data-id=\"bad9382\" data-element_type=\"container\" data-e-type=\"container\">\n\t\t\t\t\t<div class=\"e-con-inner\">\n\t\t<div class=\"elementor-element elementor-element-4beea3f e-con-full e-flex e-con e-child\" data-id=\"4beea3f\" data-element_type=\"container\" data-e-type=\"container\">\n\t\t\t\t<div class=\"elementor-element elementor-element-9f371c0 elementor-widget elementor-widget-image\" data-id=\"9f371c0\" data-element_type=\"widget\" data-e-type=\"widget\" data-widget_type=\"image.default\">\n\t\t\t\t\t\t\t\t\t\t\t\t\t\t\t<img fetchpriority=\"high\" decoding=\"async\" width=\"229\" height=\"300\" src=\"https:\/\/sportsbol.com.br\/wp-content\/uploads\/2026\/02\/ECSiderurgica2021-229x300.png\" class=\"attachment-medium size-medium wp-image-530\" alt=\"\" srcset=\"https:\/\/sportsbol.com.br\/wp-content\/uploads\/2026\/02\/ECSiderurgica2021-229x300.png 229w, https:\/\/sportsbol.com.br\/wp-content\/uploads\/2026\/02\/ECSiderurgica2021.png 244w\" sizes=\"(max-width: 229px) 100vw, 229px\" \/>\t\t\t\t\t\t\t\t\t\t\t\t\t\t\t<\/div>\n\t\t\t\t<\/div>\n\t\t<div class=\"elementor-element elementor-element-ce43428 e-con-full e-flex e-con e-child\" data-id=\"ce43428\" data-element_type=\"container\" data-e-type=\"container\">\n\t\t<div class=\"elementor-element elementor-element-5a1ddf5 e-con-full e-flex e-con e-child\" data-id=\"5a1ddf5\" data-element_type=\"container\" data-e-type=\"container\">\n\t\t\t\t<div class=\"elementor-element elementor-element-1aebed4 elementor-widget elementor-widget-heading\" data-id=\"1aebed4\" data-element_type=\"widget\" data-e-type=\"widget\" data-widget_type=\"heading.default\">\n\t\t\t\t\t<h2 class=\"elementor-heading-title elementor-size-default\">Sider\u00fargica<\/h2>\t\t\t\t<\/div>\n\t\t\t\t<\/div>\n\t\t<div class=\"elementor-element elementor-element-fe207aa e-con-full e-flex e-con e-child\" data-id=\"fe207aa\" data-element_type=\"container\" data-e-type=\"container\">\n\t\t\t\t<div class=\"elementor-element elementor-element-756bd1a elementor-widget elementor-widget-heading\" data-id=\"756bd1a\" data-element_type=\"widget\" data-e-type=\"widget\" data-widget_type=\"heading.default\">\n\t\t\t\t\t<h6 class=\"elementor-heading-title elementor-size-default\">Esporte Clube Sider\u00fargica<br><br>Sabar\u00e1, Minas Gerais, Brasil<br><br>Funda\u00e7\u00e3o: 31\/05\/1930<br><br>Mando de Campo: Praia do \u00d3<br><br><p data-start=\"0\" data-end=\"210\"><span style=\"font-style: inherit;font-weight: inherit;letter-spacing: 0.01em\">O <\/span><strong data-start=\"2\" data-end=\"43\" style=\"font-style: inherit;letter-spacing: 0.01em\">Sider\u00fargica Futebol Clube<\/strong><span style=\"font-style: inherit;font-weight: inherit;letter-spacing: 0.01em\"> \u00e9 um tradicional clube de futebol brasileiro sediado na cidade de <\/span><strong data-start=\"110\" data-end=\"151\" style=\"font-style: inherit;letter-spacing: 0.01em\">Sabar\u00e1<\/strong><span style=\"font-style: inherit;font-weight: inherit;letter-spacing: 0.01em\">, no estado de <\/span><strong data-start=\"166\" data-end=\"207\" style=\"font-style: inherit;letter-spacing: 0.01em\">Minas Gerais<\/strong><span style=\"font-style: inherit;font-weight: inherit;letter-spacing: 0.01em\">.<\/span><\/p><p data-start=\"212\" data-end=\"375\">Fundado em 31 de maio de 1930, o clube teve destaque no futebol mineiro principalmente nas d\u00e9cadas de 1930 e 1940. Suas cores tradicionais s\u00e3o o azul e o branco.<\/p><p data-start=\"377\" data-end=\"569\">A Sider\u00fargica conquistou o Campeonato Mineiro em 1937, um feito marcante que colocou o clube entre os campe\u00f5es estaduais. Durante esse per\u00edodo, foi uma das for\u00e7as do futebol de Minas Gerais.<\/p><p data-start=\"571\" data-end=\"764\">Ao longo dos anos, o clube alternou participa\u00e7\u00f5es em diferentes divis\u00f5es do Campeonato Mineiro. Mesmo sem o mesmo protagonismo de outras \u00e9pocas, mant\u00e9m grande import\u00e2ncia hist\u00f3rica no estado.<\/p><span style=\"font-style: inherit;font-weight: inherit;letter-spacing: 0.01em\">Assim, o Sider\u00fargica Futebol Clube segue como s\u00edmbolo esportivo de Sabar\u00e1 e parte importante da hist\u00f3ria do futebol mineiro.<\/span><\/h6>\t\t\t\t<\/div>\n\t\t\t\t<\/div>\n\t\t\t\t<\/div>\n\t\t\t\t\t<\/div>\n\t\t\t\t<\/div>\n\t\t<div class=\"elementor-element elementor-element-6168064 e-flex e-con-boxed e-con e-parent\" data-id=\"6168064\" data-element_type=\"container\" data-e-type=\"container\">\n\t\t\t\t\t<div class=\"e-con-inner\">\n\t\t\t\t<div class=\"elementor-element elementor-element-ee7009c elementor-widget__width-initial elementor-widget elementor-widget-image\" data-id=\"ee7009c\" data-element_type=\"widget\" data-e-type=\"widget\" data-widget_type=\"image.default\">\n\t\t\t\t\t\t\t\t\t\t\t\t\t\t\t<img decoding=\"async\" width=\"500\" height=\"350\" src=\"https:\/\/sportsbol.com.br\/wp-content\/uploads\/2026\/03\/Flag_of_Brazil.svg_.webp\" class=\"attachment-full size-full wp-image-1799\" alt=\"\" srcset=\"https:\/\/sportsbol.com.br\/wp-content\/uploads\/2026\/03\/Flag_of_Brazil.svg_.webp 500w, https:\/\/sportsbol.com.br\/wp-content\/uploads\/2026\/03\/Flag_of_Brazil.svg_-300x210.webp 300w\" sizes=\"(max-width: 500px) 100vw, 500px\" \/>\t\t\t\t\t\t\t\t\t\t\t\t\t\t\t<\/div>\n\t\t\t\t\t<\/div>\n\t\t\t\t<\/div>\n\t\t\t\t<\/div>\n\t\t","protected":false},"excerpt":{"rendered":"<p>Sider\u00fargica Esporte Clube Sider\u00fargica Sabar\u00e1, Minas Gerais, Brasil Funda\u00e7\u00e3o: 31\/05\/1930 Mando de Campo: Praia do \u00d3 O Sider\u00fargica Futebol Clube \u00e9 um tradicional clube de futebol brasileiro sediado na cidade de Sabar\u00e1, no estado de Minas Gerais. Fundado em 31 de maio de 1930, o clube teve destaque no futebol mineiro principalmente nas d\u00e9cadas de [&hellip;]<\/p>\n","protected":false},"author":1,"featured_media":0,"parent":0,"menu_order":0,"comment_status":"closed","ping_status":"closed","template":"","meta":{"zakra_page_container_layout":"customizer","zakra_page_sidebar_layout":"customizer","zakra_remove_content_margin":false,"zakra_sidebar":"customizer","zakra_transparent_header":"customizer","zakra_logo":0,"zakra_main_header_style":"default","zakra_menu_item_color":"","zakra_menu_item_hover_color":"","zakra_menu_item_active_color":"","zakra_menu_active_style":"","zakra_page_header":true,"footnotes":""},"class_list":["post-528","page","type-page","status-publish","hentry"],"_links":{"self":[{"href":"https:\/\/sportsbol.com.br\/index.php?rest_route=\/wp\/v2\/pages\/528","targetHints":{"allow":["GET"]}}],"collection":[{"href":"https:\/\/sportsbol.com.br\/index.php?rest_route=\/wp\/v2\/pages"}],"about":[{"href":"https:\/\/sportsbol.com.br\/index.php?rest_route=\/wp\/v2\/types\/page"}],"author":[{"embeddable":true,"href":"https:\/\/sportsbol.com.br\/index.php?rest_route=\/wp\/v2\/users\/1"}],"replies":[{"embeddable":true,"href":"https:\/\/sportsbol.com.br\/index.php?rest_route=%2Fwp%2Fv2%2Fcomments&post=528"}],"version-history":[{"count":11,"href":"https:\/\/sportsbol.com.br\/index.php?rest_route=\/wp\/v2\/pages\/528\/revisions"}],"predecessor-version":[{"id":2244,"href":"https:\/\/sportsbol.com.br\/index.php?rest_route=\/wp\/v2\/pages\/528\/revisions\/2244"}],"wp:attachment":[{"href":"https:\/\/sportsbol.com.br\/index.php?rest_route=%2Fwp%2Fv2%2Fmedia&parent=528"}],"curies":[{"name":"wp","href":"https:\/\/api.w.org\/{rel}","templated":true}]}}