{"id":508,"date":"2026-02-28T15:51:37","date_gmt":"2026-02-28T18:51:37","guid":{"rendered":"https:\/\/sportsbol.com.br\/?page_id=508"},"modified":"2026-03-26T14:37:00","modified_gmt":"2026-03-26T17:37:00","slug":"tricordiano","status":"publish","type":"page","link":"https:\/\/sportsbol.com.br\/?page_id=508","title":{"rendered":"Tricordiano"},"content":{"rendered":"\t\t<div data-elementor-type=\"wp-page\" data-elementor-id=\"508\" class=\"elementor elementor-508\" data-elementor-post-type=\"page\">\n\t\t\t\t<div class=\"elementor-element elementor-element-76b9f34 e-flex e-con-boxed e-con e-parent\" data-id=\"76b9f34\" data-element_type=\"container\" data-e-type=\"container\">\n\t\t\t\t\t<div class=\"e-con-inner\">\n\t\t<div class=\"elementor-element elementor-element-15895e1 e-con-full e-flex e-con e-child\" data-id=\"15895e1\" data-element_type=\"container\" data-e-type=\"container\">\n\t\t\t\t<div class=\"elementor-element elementor-element-ba3ee61 elementor-widget elementor-widget-image\" data-id=\"ba3ee61\" data-element_type=\"widget\" data-e-type=\"widget\" data-widget_type=\"image.default\">\n\t\t\t\t\t\t\t\t\t\t\t\t\t\t\t<img decoding=\"async\" width=\"200\" height=\"200\" src=\"https:\/\/sportsbol.com.br\/wp-content\/uploads\/2026\/02\/CATricordiano.png\" class=\"attachment-medium size-medium wp-image-510\" alt=\"\" srcset=\"https:\/\/sportsbol.com.br\/wp-content\/uploads\/2026\/02\/CATricordiano.png 200w, https:\/\/sportsbol.com.br\/wp-content\/uploads\/2026\/02\/CATricordiano-150x150.png 150w\" sizes=\"(max-width: 200px) 100vw, 200px\" \/>\t\t\t\t\t\t\t\t\t\t\t\t\t\t\t<\/div>\n\t\t\t\t<\/div>\n\t\t<div class=\"elementor-element elementor-element-2cafaed e-con-full e-flex e-con e-child\" data-id=\"2cafaed\" data-element_type=\"container\" data-e-type=\"container\">\n\t\t<div class=\"elementor-element elementor-element-b5287d3 e-con-full e-flex e-con e-child\" data-id=\"b5287d3\" data-element_type=\"container\" data-e-type=\"container\">\n\t\t\t\t<div class=\"elementor-element elementor-element-2adb78d elementor-widget elementor-widget-heading\" data-id=\"2adb78d\" data-element_type=\"widget\" data-e-type=\"widget\" data-widget_type=\"heading.default\">\n\t\t\t\t\t<h2 class=\"elementor-heading-title elementor-size-default\">Tricordiano<\/h2>\t\t\t\t<\/div>\n\t\t\t\t<\/div>\n\t\t<div class=\"elementor-element elementor-element-cea7d98 e-con-full e-flex e-con e-child\" data-id=\"cea7d98\" data-element_type=\"container\" data-e-type=\"container\">\n\t\t\t\t<div class=\"elementor-element elementor-element-f605941 elementor-widget elementor-widget-heading\" data-id=\"f605941\" data-element_type=\"widget\" data-e-type=\"widget\" data-widget_type=\"heading.default\">\n\t\t\t\t\t<h6 class=\"elementor-heading-title elementor-size-default\">Clube Atl\u00e9tico Tricordiano<br><br>Tr\u00eas Cora\u00e7\u00f5es, Minas Gerais, Brasil<br><br>Funda\u00e7\u00e3o: 13\/08\/2007<br><br>Mando de Jogo: Elias Arbex<br><br><p data-start=\"0\" data-end=\"195\">O <strong data-start=\"2\" data-end=\"43\">Clube Atl\u00e9tico Tricordiano<\/strong> \u00e9 um clube de futebol brasileiro sediado na cidade de <strong data-start=\"98\" data-end=\"139\">Tr\u00eas Cora\u00e7\u00f5es<\/strong>, no sul de <strong data-start=\"151\" data-end=\"192\">Minas Gerais<\/strong>.<\/p>\n<p data-start=\"197\" data-end=\"386\">Fundado em 2007, o clube surgiu com a proposta de fortalecer o futebol da regi\u00e3o e rapidamente ganhou destaque no cen\u00e1rio estadual. Suas cores tradicionais s\u00e3o o vermelho, branco e verde.<\/p>\n<p data-start=\"388\" data-end=\"596\">O Tricordiano conquistou o acesso ao M\u00f3dulo I do Campeonato Mineiro em 2015, alcan\u00e7ando a elite do futebol mineiro. Em 2016, disputou a primeira divis\u00e3o estadual, enfrentando grandes clubes de Minas Gerais.<\/p>\n<p data-start=\"598\" data-end=\"752\">A equipe mandava seus jogos no Est\u00e1dio Elias Arbex, em Tr\u00eas Cora\u00e7\u00f5es. O clube ficou conhecido como \u201cGalo do Sul\u201d, representando com orgulho o munic\u00edpio.<\/p>\n<span style=\"font-style: inherit;font-weight: inherit;letter-spacing: 0.01em\">Mesmo com dificuldades posteriores e afastamento das competi\u00e7\u00f5es profissionais, o Clube Atl\u00e9tico Tricordiano marcou seu nome no futebol mineiro ao levar Tr\u00eas Cora\u00e7\u00f5es \u00e0 elite estadual.<\/span><\/h6>\t\t\t\t<\/div>\n\t\t\t\t<\/div>\n\t\t\t\t<\/div>\n\t\t\t\t\t<\/div>\n\t\t\t\t<\/div>\n\t\t<div class=\"elementor-element elementor-element-0b3a227 e-flex e-con-boxed e-con e-parent\" data-id=\"0b3a227\" data-element_type=\"container\" data-e-type=\"container\">\n\t\t\t\t\t<div class=\"e-con-inner\">\n\t\t\t\t<div class=\"elementor-element elementor-element-0665123 elementor-widget__width-initial elementor-widget elementor-widget-image\" data-id=\"0665123\" data-element_type=\"widget\" data-e-type=\"widget\" data-widget_type=\"image.default\">\n\t\t\t\t\t\t\t\t\t\t\t\t\t\t\t<img fetchpriority=\"high\" decoding=\"async\" width=\"500\" height=\"350\" src=\"https:\/\/sportsbol.com.br\/wp-content\/uploads\/2026\/03\/Flag_of_Brazil.svg_.webp\" class=\"attachment-full size-full wp-image-1799\" alt=\"\" srcset=\"https:\/\/sportsbol.com.br\/wp-content\/uploads\/2026\/03\/Flag_of_Brazil.svg_.webp 500w, https:\/\/sportsbol.com.br\/wp-content\/uploads\/2026\/03\/Flag_of_Brazil.svg_-300x210.webp 300w\" sizes=\"(max-width: 500px) 100vw, 500px\" \/>\t\t\t\t\t\t\t\t\t\t\t\t\t\t\t<\/div>\n\t\t\t\t\t<\/div>\n\t\t\t\t<\/div>\n\t\t\t\t<\/div>\n\t\t","protected":false},"excerpt":{"rendered":"<p>Tricordiano Clube Atl\u00e9tico Tricordiano Tr\u00eas Cora\u00e7\u00f5es, Minas Gerais, Brasil Funda\u00e7\u00e3o: 13\/08\/2007 Mando de Jogo: Elias Arbex O Clube Atl\u00e9tico Tricordiano \u00e9 um clube de futebol brasileiro sediado na cidade de Tr\u00eas Cora\u00e7\u00f5es, no sul de Minas Gerais. Fundado em 2007, o clube surgiu com a proposta de fortalecer o futebol da regi\u00e3o e rapidamente ganhou [&hellip;]<\/p>\n","protected":false},"author":1,"featured_media":0,"parent":0,"menu_order":0,"comment_status":"closed","ping_status":"closed","template":"","meta":{"zakra_page_container_layout":"customizer","zakra_page_sidebar_layout":"customizer","zakra_remove_content_margin":false,"zakra_sidebar":"customizer","zakra_transparent_header":"customizer","zakra_logo":0,"zakra_main_header_style":"default","zakra_menu_item_color":"","zakra_menu_item_hover_color":"","zakra_menu_item_active_color":"","zakra_menu_active_style":"","zakra_page_header":true,"footnotes":""},"class_list":["post-508","page","type-page","status-publish","hentry"],"_links":{"self":[{"href":"https:\/\/sportsbol.com.br\/index.php?rest_route=\/wp\/v2\/pages\/508","targetHints":{"allow":["GET"]}}],"collection":[{"href":"https:\/\/sportsbol.com.br\/index.php?rest_route=\/wp\/v2\/pages"}],"about":[{"href":"https:\/\/sportsbol.com.br\/index.php?rest_route=\/wp\/v2\/types\/page"}],"author":[{"embeddable":true,"href":"https:\/\/sportsbol.com.br\/index.php?rest_route=\/wp\/v2\/users\/1"}],"replies":[{"embeddable":true,"href":"https:\/\/sportsbol.com.br\/index.php?rest_route=%2Fwp%2Fv2%2Fcomments&post=508"}],"version-history":[{"count":10,"href":"https:\/\/sportsbol.com.br\/index.php?rest_route=\/wp\/v2\/pages\/508\/revisions"}],"predecessor-version":[{"id":2269,"href":"https:\/\/sportsbol.com.br\/index.php?rest_route=\/wp\/v2\/pages\/508\/revisions\/2269"}],"wp:attachment":[{"href":"https:\/\/sportsbol.com.br\/index.php?rest_route=%2Fwp%2Fv2%2Fmedia&parent=508"}],"curies":[{"name":"wp","href":"https:\/\/api.w.org\/{rel}","templated":true}]}}