{"id":489,"date":"2026-02-28T15:32:22","date_gmt":"2026-02-28T18:32:22","guid":{"rendered":"https:\/\/sportsbol.com.br\/?page_id=489"},"modified":"2026-03-15T16:39:44","modified_gmt":"2026-03-15T19:39:44","slug":"valadares","status":"publish","type":"page","link":"https:\/\/sportsbol.com.br\/?page_id=489","title":{"rendered":"Valadares"},"content":{"rendered":"\t\t<div data-elementor-type=\"wp-page\" data-elementor-id=\"489\" class=\"elementor elementor-489\" data-elementor-post-type=\"page\">\n\t\t\t\t<div class=\"elementor-element elementor-element-d4cadb0 e-flex e-con-boxed e-con e-parent\" data-id=\"d4cadb0\" data-element_type=\"container\" data-e-type=\"container\">\n\t\t\t\t\t<div class=\"e-con-inner\">\n\t\t<div class=\"elementor-element elementor-element-7f9684a e-con-full e-flex e-con e-child\" data-id=\"7f9684a\" data-element_type=\"container\" data-e-type=\"container\">\n\t\t\t\t<div class=\"elementor-element elementor-element-8e5dc01 elementor-widget elementor-widget-image\" data-id=\"8e5dc01\" data-element_type=\"widget\" data-e-type=\"widget\" data-widget_type=\"image.default\">\n\t\t\t\t\t\t\t\t\t\t\t\t\t\t\t<img fetchpriority=\"high\" decoding=\"async\" width=\"240\" height=\"300\" src=\"https:\/\/sportsbol.com.br\/wp-content\/uploads\/2026\/02\/ValadaresEC-240x300.png\" class=\"attachment-medium size-medium wp-image-491\" alt=\"\" srcset=\"https:\/\/sportsbol.com.br\/wp-content\/uploads\/2026\/02\/ValadaresEC-240x300.png 240w, https:\/\/sportsbol.com.br\/wp-content\/uploads\/2026\/02\/ValadaresEC.png 250w\" sizes=\"(max-width: 240px) 100vw, 240px\" \/>\t\t\t\t\t\t\t\t\t\t\t\t\t\t\t<\/div>\n\t\t\t\t<\/div>\n\t\t<div class=\"elementor-element elementor-element-976d122 e-con-full e-flex e-con e-child\" data-id=\"976d122\" data-element_type=\"container\" data-e-type=\"container\">\n\t\t<div class=\"elementor-element elementor-element-27355b5 e-con-full e-flex e-con e-child\" data-id=\"27355b5\" data-element_type=\"container\" data-e-type=\"container\">\n\t\t\t\t<div class=\"elementor-element elementor-element-7036c1e elementor-widget elementor-widget-heading\" data-id=\"7036c1e\" data-element_type=\"widget\" data-e-type=\"widget\" data-widget_type=\"heading.default\">\n\t\t\t\t\t<h2 class=\"elementor-heading-title elementor-size-default\">Valadares<\/h2>\t\t\t\t<\/div>\n\t\t\t\t<\/div>\n\t\t<div class=\"elementor-element elementor-element-d03ad47 e-con-full e-flex e-con e-child\" data-id=\"d03ad47\" data-element_type=\"container\" data-e-type=\"container\">\n\t\t\t\t<div class=\"elementor-element elementor-element-26cba07 elementor-widget elementor-widget-heading\" data-id=\"26cba07\" data-element_type=\"widget\" data-e-type=\"widget\" data-widget_type=\"heading.default\">\n\t\t\t\t\t<h6 class=\"elementor-heading-title elementor-size-default\">Valadares Esporte Clube<br><br>Governador Valadares, Minas Gerais, Brasil<br><br>Funda\u00e7\u00e3o: 31\/10\/2011<br><br>Mando de Campo: Mamud\u00e3o<br><br><div class=\"flex flex-col text-sm pb-25\"><article class=\"text-token-text-primary w-full focus:outline-none [--shadow-height:45px] has-data-writing-block:pointer-events-none has-data-writing-block:-mt-(--shadow-height) has-data-writing-block:pt-(--shadow-height) [&amp;:has([data-writing-block])&gt;*]:pointer-events-auto scroll-mt-[calc(var(--header-height)+min(200px,max(70px,20svh)))]\" dir=\"auto\" data-turn-id=\"request-WEB:99825da2-7db6-4ed8-ba00-de90c2c7e76f-42\" data-testid=\"conversation-turn-86\" data-scroll-anchor=\"true\" data-turn=\"assistant\"><div class=\"text-base my-auto mx-auto pb-10 [--thread-content-margin:--spacing(4)] @w-sm\/main:[--thread-content-margin:--spacing(6)] @w-lg\/main:[--thread-content-margin:--spacing(16)] px-(--thread-content-margin)\"><div class=\"[--thread-content-max-width:40rem] @w-lg\/main:[--thread-content-max-width:48rem] mx-auto max-w-(--thread-content-max-width) flex-1 group\/turn-messages focus-visible:outline-hidden relative flex w-full min-w-0 flex-col agent-turn\"><div class=\"flex max-w-full flex-col grow\"><div data-message-author-role=\"assistant\" data-message-id=\"4e16bd32-17de-43a8-9c59-0083d7294815\" dir=\"auto\" data-message-model-slug=\"gpt-5-mini\" class=\"min-h-8 text-message relative flex w-full flex-col items-end gap-2 text-start break-words whitespace-normal [.text-message+&amp;]:mt-1\"><div class=\"flex w-full flex-col gap-1 empty:hidden first:pt-[1px]\"><div class=\"markdown prose dark:prose-invert w-full wrap-break-word light markdown-new-styling\"><p data-start=\"0\" data-end=\"197\">O <strong data-start=\"2\" data-end=\"43\">Valadares Esporte Clube<\/strong> \u00e9 um clube de futebol brasileiro sediado na cidade de <strong data-start=\"98\" data-end=\"139\">Governador Valadares<\/strong>, no leste de <strong data-start=\"153\" data-end=\"194\">Minas Gerais<\/strong>.<\/p>\n<p data-start=\"199\" data-end=\"428\">O clube representa a cidade nas competi\u00e7\u00f5es organizadas pela Federa\u00e7\u00e3o Mineira de Futebol, especialmente nas divis\u00f5es de acesso do Campeonato Mineiro. Suas cores oficiais simbolizam a identidade e o orgulho da comunidade local.<\/p>\n<p data-start=\"430\" data-end=\"597\">O Valadares EC busca fortalecer o futebol regional e revelar novos talentos, investindo tamb\u00e9m nas categorias de base para formar atletas da pr\u00f3pria cidade e regi\u00e3o.<\/p>\n<p data-start=\"599\" data-end=\"745\">Mesmo sendo um clube do interior, desempenha papel importante no desenvolvimento esportivo local, contando com apoio da torcida e da comunidade.<\/p>\n<p data-start=\"747\" data-end=\"867\" data-is-last-node=\"\" data-is-only-node=\"\">Assim, o Valadares Esporte Clube segue construindo sua hist\u00f3ria e representando Governador Valadares no futebol mineiro.<\/p><\/div><\/div><\/div><\/div><div class=\"z-0 flex min-h-[46px] justify-start\"><\/div><\/div><\/div><\/article><\/div><div aria-hidden=\"true\" data-edge=\"true\" class=\"pointer-events-none h-px w-px absolute bottom-0\"><\/div><\/h6>\t\t\t\t<\/div>\n\t\t\t\t<\/div>\n\t\t\t\t<\/div>\n\t\t\t\t\t<\/div>\n\t\t\t\t<\/div>\n\t\t<div class=\"elementor-element elementor-element-2c08ac0 e-flex e-con-boxed e-con e-parent\" data-id=\"2c08ac0\" data-element_type=\"container\" data-e-type=\"container\">\n\t\t\t\t\t<div class=\"e-con-inner\">\n\t\t\t\t<div class=\"elementor-element elementor-element-84051f5 elementor-widget__width-initial elementor-widget elementor-widget-image\" data-id=\"84051f5\" data-element_type=\"widget\" data-e-type=\"widget\" data-widget_type=\"image.default\">\n\t\t\t\t\t\t\t\t\t\t\t\t\t\t\t<img decoding=\"async\" width=\"500\" height=\"350\" src=\"https:\/\/sportsbol.com.br\/wp-content\/uploads\/2026\/03\/Flag_of_Brazil.svg_.webp\" class=\"attachment-full size-full wp-image-1799\" alt=\"\" srcset=\"https:\/\/sportsbol.com.br\/wp-content\/uploads\/2026\/03\/Flag_of_Brazil.svg_.webp 500w, https:\/\/sportsbol.com.br\/wp-content\/uploads\/2026\/03\/Flag_of_Brazil.svg_-300x210.webp 300w\" sizes=\"(max-width: 500px) 100vw, 500px\" \/>\t\t\t\t\t\t\t\t\t\t\t\t\t\t\t<\/div>\n\t\t\t\t\t<\/div>\n\t\t\t\t<\/div>\n\t\t\t\t<\/div>\n\t\t","protected":false},"excerpt":{"rendered":"<p>Valadares Valadares Esporte Clube Governador Valadares, Minas Gerais, Brasil Funda\u00e7\u00e3o: 31\/10\/2011 Mando de Campo: Mamud\u00e3o O Valadares Esporte Clube \u00e9 um clube de futebol brasileiro sediado na cidade de Governador Valadares, no leste de Minas Gerais. O clube representa a cidade nas competi\u00e7\u00f5es organizadas pela Federa\u00e7\u00e3o Mineira de Futebol, especialmente nas divis\u00f5es de acesso do [&hellip;]<\/p>\n","protected":false},"author":1,"featured_media":0,"parent":0,"menu_order":0,"comment_status":"closed","ping_status":"closed","template":"","meta":{"zakra_page_container_layout":"customizer","zakra_page_sidebar_layout":"customizer","zakra_remove_content_margin":false,"zakra_sidebar":"customizer","zakra_transparent_header":"customizer","zakra_logo":0,"zakra_main_header_style":"default","zakra_menu_item_color":"","zakra_menu_item_hover_color":"","zakra_menu_item_active_color":"","zakra_menu_active_style":"","zakra_page_header":true,"footnotes":""},"class_list":["post-489","page","type-page","status-publish","hentry"],"_links":{"self":[{"href":"https:\/\/sportsbol.com.br\/index.php?rest_route=\/wp\/v2\/pages\/489","targetHints":{"allow":["GET"]}}],"collection":[{"href":"https:\/\/sportsbol.com.br\/index.php?rest_route=\/wp\/v2\/pages"}],"about":[{"href":"https:\/\/sportsbol.com.br\/index.php?rest_route=\/wp\/v2\/types\/page"}],"author":[{"embeddable":true,"href":"https:\/\/sportsbol.com.br\/index.php?rest_route=\/wp\/v2\/users\/1"}],"replies":[{"embeddable":true,"href":"https:\/\/sportsbol.com.br\/index.php?rest_route=%2Fwp%2Fv2%2Fcomments&post=489"}],"version-history":[{"count":10,"href":"https:\/\/sportsbol.com.br\/index.php?rest_route=\/wp\/v2\/pages\/489\/revisions"}],"predecessor-version":[{"id":1882,"href":"https:\/\/sportsbol.com.br\/index.php?rest_route=\/wp\/v2\/pages\/489\/revisions\/1882"}],"wp:attachment":[{"href":"https:\/\/sportsbol.com.br\/index.php?rest_route=%2Fwp%2Fv2%2Fmedia&parent=489"}],"curies":[{"name":"wp","href":"https:\/\/api.w.org\/{rel}","templated":true}]}}