{"id":433,"date":"2026-02-28T14:14:42","date_gmt":"2026-02-28T17:14:42","guid":{"rendered":"https:\/\/sportsbol.com.br\/?page_id=433"},"modified":"2026-03-26T14:35:59","modified_gmt":"2026-03-26T17:35:59","slug":"tres-coracoes","status":"publish","type":"page","link":"https:\/\/sportsbol.com.br\/?page_id=433","title":{"rendered":"Tr\u00eas Cora\u00e7\u00f5es"},"content":{"rendered":"\t\t<div data-elementor-type=\"wp-page\" data-elementor-id=\"433\" class=\"elementor elementor-433\" data-elementor-post-type=\"page\">\n\t\t\t\t<div class=\"elementor-element elementor-element-2e7bc28 e-flex e-con-boxed e-con e-parent\" data-id=\"2e7bc28\" data-element_type=\"container\" data-e-type=\"container\">\n\t\t\t\t\t<div class=\"e-con-inner\">\n\t\t<div class=\"elementor-element elementor-element-371f951 e-con-full e-flex e-con e-child\" data-id=\"371f951\" data-element_type=\"container\" data-e-type=\"container\">\n\t\t\t\t<div class=\"elementor-element elementor-element-955281d elementor-widget elementor-widget-image\" data-id=\"955281d\" data-element_type=\"widget\" data-e-type=\"widget\" data-widget_type=\"image.default\">\n\t\t\t\t\t\t\t\t\t\t\t\t\t\t\t<img decoding=\"async\" width=\"150\" height=\"156\" src=\"https:\/\/sportsbol.com.br\/wp-content\/uploads\/2026\/02\/AtleticoCTC.png\" class=\"attachment-medium size-medium wp-image-435\" alt=\"\" \/>\t\t\t\t\t\t\t\t\t\t\t\t\t\t\t<\/div>\n\t\t\t\t<\/div>\n\t\t<div class=\"elementor-element elementor-element-7ebe103 e-con-full e-flex e-con e-child\" data-id=\"7ebe103\" data-element_type=\"container\" data-e-type=\"container\">\n\t\t<div class=\"elementor-element elementor-element-c09ded0 e-con-full e-flex e-con e-child\" data-id=\"c09ded0\" data-element_type=\"container\" data-e-type=\"container\">\n\t\t\t\t<div class=\"elementor-element elementor-element-4c9e909 elementor-widget elementor-widget-heading\" data-id=\"4c9e909\" data-element_type=\"widget\" data-e-type=\"widget\" data-widget_type=\"heading.default\">\n\t\t\t\t\t<h2 class=\"elementor-heading-title elementor-size-default\">Tr\u00eas Cora\u00e7\u00f5es<\/h2>\t\t\t\t<\/div>\n\t\t\t\t<\/div>\n\t\t<div class=\"elementor-element elementor-element-2b674a1 e-con-full e-flex e-con e-child\" data-id=\"2b674a1\" data-element_type=\"container\" data-e-type=\"container\">\n\t\t\t\t<div class=\"elementor-element elementor-element-7a3981b elementor-widget elementor-widget-heading\" data-id=\"7a3981b\" data-element_type=\"widget\" data-e-type=\"widget\" data-widget_type=\"heading.default\">\n\t\t\t\t\t<h6 class=\"elementor-heading-title elementor-size-default\">Atl\u00e9tico Clube Tr\u00eas Cora\u00e7\u00f5es<br><br>Tr\u00eas Cora\u00e7\u00f5es, Minas Gerais, Brasil<br><br>Funda\u00e7\u00e3o 13\/09\/13<br><br>Mando de Campo: Walter Antunes<br><br><p data-start=\"0\" data-end=\"198\">O <strong data-start=\"2\" data-end=\"43\">Atl\u00e9tico Tr\u00eas Cora\u00e7\u00f5es<\/strong> \u00e9 um clube de futebol brasileiro sediado na cidade de <strong data-start=\"98\" data-end=\"139\">Tr\u00eas Cora\u00e7\u00f5es<\/strong>, no estado de <strong data-start=\"154\" data-end=\"195\">Minas Gerais<\/strong>.<\/p>\n<p data-start=\"200\" data-end=\"429\">O clube representa a cidade nas competi\u00e7\u00f5es organizadas pela Federa\u00e7\u00e3o Mineira de Futebol, especialmente nas divis\u00f5es de acesso do Campeonato Mineiro. Suas cores oficiais simbolizam a identidade e o orgulho da comunidade local.<\/p>\n<p data-start=\"431\" data-end=\"663\">O Atl\u00e9tico Tr\u00eas Cora\u00e7\u00f5es busca fortalecer o futebol regional e revelar novos talentos por meio das categorias de base. A equipe tamb\u00e9m visa consolidar sua presen\u00e7a no cen\u00e1rio estadual, oferecendo oportunidades a atletas da regi\u00e3o.<\/p>\n<p data-start=\"665\" data-end=\"825\">Mesmo sendo um clube do interior, desempenha papel importante no desenvolvimento esportivo da cidade. A torcida acompanha com entusiasmo a trajet\u00f3ria do time.<\/p>\n<span style=\"font-style: inherit;font-weight: inherit;letter-spacing: 0.01em\">Assim, o Atl\u00e9tico Tr\u00eas Cora\u00e7\u00f5es segue construindo sua hist\u00f3ria e representando Tr\u00eas Cora\u00e7\u00f5es no futebol mineiro.<\/span><\/h6>\t\t\t\t<\/div>\n\t\t\t\t<\/div>\n\t\t\t\t<\/div>\n\t\t\t\t\t<\/div>\n\t\t\t\t<\/div>\n\t\t<div class=\"elementor-element elementor-element-532a64b e-flex e-con-boxed e-con e-parent\" data-id=\"532a64b\" data-element_type=\"container\" data-e-type=\"container\">\n\t\t\t\t\t<div class=\"e-con-inner\">\n\t\t\t\t<div class=\"elementor-element elementor-element-bc6bd86 elementor-widget__width-initial elementor-widget elementor-widget-image\" data-id=\"bc6bd86\" data-element_type=\"widget\" data-e-type=\"widget\" data-widget_type=\"image.default\">\n\t\t\t\t\t\t\t\t\t\t\t\t\t\t\t<img fetchpriority=\"high\" decoding=\"async\" width=\"500\" height=\"350\" src=\"https:\/\/sportsbol.com.br\/wp-content\/uploads\/2026\/03\/Flag_of_Brazil.svg_.webp\" class=\"attachment-full size-full wp-image-1799\" alt=\"\" srcset=\"https:\/\/sportsbol.com.br\/wp-content\/uploads\/2026\/03\/Flag_of_Brazil.svg_.webp 500w, https:\/\/sportsbol.com.br\/wp-content\/uploads\/2026\/03\/Flag_of_Brazil.svg_-300x210.webp 300w\" sizes=\"(max-width: 500px) 100vw, 500px\" \/>\t\t\t\t\t\t\t\t\t\t\t\t\t\t\t<\/div>\n\t\t\t\t\t<\/div>\n\t\t\t\t<\/div>\n\t\t\t\t<\/div>\n\t\t","protected":false},"excerpt":{"rendered":"<p>Tr\u00eas Cora\u00e7\u00f5es Atl\u00e9tico Clube Tr\u00eas Cora\u00e7\u00f5es Tr\u00eas Cora\u00e7\u00f5es, Minas Gerais, Brasil Funda\u00e7\u00e3o 13\/09\/13 Mando de Campo: Walter Antunes O Atl\u00e9tico Tr\u00eas Cora\u00e7\u00f5es \u00e9 um clube de futebol brasileiro sediado na cidade de Tr\u00eas Cora\u00e7\u00f5es, no estado de Minas Gerais. O clube representa a cidade nas competi\u00e7\u00f5es organizadas pela Federa\u00e7\u00e3o Mineira de Futebol, especialmente nas divis\u00f5es [&hellip;]<\/p>\n","protected":false},"author":1,"featured_media":0,"parent":0,"menu_order":0,"comment_status":"closed","ping_status":"closed","template":"","meta":{"zakra_page_container_layout":"customizer","zakra_page_sidebar_layout":"customizer","zakra_remove_content_margin":false,"zakra_sidebar":"customizer","zakra_transparent_header":"customizer","zakra_logo":0,"zakra_main_header_style":"default","zakra_menu_item_color":"","zakra_menu_item_hover_color":"","zakra_menu_item_active_color":"","zakra_menu_active_style":"","zakra_page_header":true,"footnotes":""},"class_list":["post-433","page","type-page","status-publish","hentry"],"_links":{"self":[{"href":"https:\/\/sportsbol.com.br\/index.php?rest_route=\/wp\/v2\/pages\/433","targetHints":{"allow":["GET"]}}],"collection":[{"href":"https:\/\/sportsbol.com.br\/index.php?rest_route=\/wp\/v2\/pages"}],"about":[{"href":"https:\/\/sportsbol.com.br\/index.php?rest_route=\/wp\/v2\/types\/page"}],"author":[{"embeddable":true,"href":"https:\/\/sportsbol.com.br\/index.php?rest_route=\/wp\/v2\/users\/1"}],"replies":[{"embeddable":true,"href":"https:\/\/sportsbol.com.br\/index.php?rest_route=%2Fwp%2Fv2%2Fcomments&post=433"}],"version-history":[{"count":11,"href":"https:\/\/sportsbol.com.br\/index.php?rest_route=\/wp\/v2\/pages\/433\/revisions"}],"predecessor-version":[{"id":2266,"href":"https:\/\/sportsbol.com.br\/index.php?rest_route=\/wp\/v2\/pages\/433\/revisions\/2266"}],"wp:attachment":[{"href":"https:\/\/sportsbol.com.br\/index.php?rest_route=%2Fwp%2Fv2%2Fmedia&parent=433"}],"curies":[{"name":"wp","href":"https:\/\/api.w.org\/{rel}","templated":true}]}}