{"id":427,"date":"2026-02-28T14:11:05","date_gmt":"2026-02-28T17:11:05","guid":{"rendered":"https:\/\/sportsbol.com.br\/?page_id=427"},"modified":"2026-03-15T16:50:06","modified_gmt":"2026-03-15T19:50:06","slug":"villa-real","status":"publish","type":"page","link":"https:\/\/sportsbol.com.br\/?page_id=427","title":{"rendered":"Villa Real"},"content":{"rendered":"\t\t<div data-elementor-type=\"wp-page\" data-elementor-id=\"427\" class=\"elementor elementor-427\" data-elementor-post-type=\"page\">\n\t\t\t\t<div class=\"elementor-element elementor-element-ec301a6 e-flex e-con-boxed e-con e-parent\" data-id=\"ec301a6\" data-element_type=\"container\" data-e-type=\"container\">\n\t\t\t\t\t<div class=\"e-con-inner\">\n\t\t<div class=\"elementor-element elementor-element-5c41e53 e-con-full e-flex e-con e-child\" data-id=\"5c41e53\" data-element_type=\"container\" data-e-type=\"container\">\n\t\t\t\t<div class=\"elementor-element elementor-element-a7e44ec elementor-widget elementor-widget-image\" data-id=\"a7e44ec\" data-element_type=\"widget\" data-e-type=\"widget\" data-widget_type=\"image.default\">\n\t\t\t\t\t\t\t\t\t\t\t\t\t\t\t<img fetchpriority=\"high\" decoding=\"async\" width=\"298\" height=\"300\" src=\"https:\/\/sportsbol.com.br\/wp-content\/uploads\/2026\/02\/EscudoVillaReal-298x300.png\" class=\"attachment-medium size-medium wp-image-429\" alt=\"\" srcset=\"https:\/\/sportsbol.com.br\/wp-content\/uploads\/2026\/02\/EscudoVillaReal-298x300.png 298w, https:\/\/sportsbol.com.br\/wp-content\/uploads\/2026\/02\/EscudoVillaReal-150x150.png 150w, https:\/\/sportsbol.com.br\/wp-content\/uploads\/2026\/02\/EscudoVillaReal.png 330w\" sizes=\"(max-width: 298px) 100vw, 298px\" \/>\t\t\t\t\t\t\t\t\t\t\t\t\t\t\t<\/div>\n\t\t\t\t<\/div>\n\t\t<div class=\"elementor-element elementor-element-521eddb e-con-full e-flex e-con e-child\" data-id=\"521eddb\" data-element_type=\"container\" data-e-type=\"container\">\n\t\t<div class=\"elementor-element elementor-element-ae721f5 e-con-full e-flex e-con e-child\" data-id=\"ae721f5\" data-element_type=\"container\" data-e-type=\"container\">\n\t\t\t\t<div class=\"elementor-element elementor-element-0a1c89b elementor-widget elementor-widget-heading\" data-id=\"0a1c89b\" data-element_type=\"widget\" data-e-type=\"widget\" data-widget_type=\"heading.default\">\n\t\t\t\t\t<h2 class=\"elementor-heading-title elementor-size-default\">Villa Real<\/h2>\t\t\t\t<\/div>\n\t\t\t\t<\/div>\n\t\t<div class=\"elementor-element elementor-element-b923521 e-con-full e-flex e-con e-child\" data-id=\"b923521\" data-element_type=\"container\" data-e-type=\"container\">\n\t\t\t\t<div class=\"elementor-element elementor-element-fdd739b elementor-widget elementor-widget-heading\" data-id=\"fdd739b\" data-element_type=\"widget\" data-e-type=\"widget\" data-widget_type=\"heading.default\">\n\t\t\t\t\t<h6 class=\"elementor-heading-title elementor-size-default\">Esporte Clube Villa Real<br><br>Machado, Minas Gerais, Brasil<br><br>Funda\u00e7\u00e3o: 2021<br><br>Mando de Campo: N\u00e3o houve informa\u00e7\u00f5es suficientes<br><br><p data-start=\"0\" data-end=\"198\">O <strong data-start=\"2\" data-end=\"43\">Villa Real Futebol Clube<\/strong> \u00e9 um clube de futebol brasileiro sediado na cidade de Machado, no estado de <strong data-start=\"154\" data-end=\"195\">Minas Gerais<\/strong>.<\/p>\n<p data-start=\"200\" data-end=\"410\">O clube representa a cidade em competi\u00e7\u00f5es organizadas pela Federa\u00e7\u00e3o Mineira de Futebol, especialmente nas divis\u00f5es de acesso do Campeonato Mineiro. Suas cores oficiais simbolizam identidade e orgulho local.<\/p>\n<p data-start=\"412\" data-end=\"633\">O Villa Real busca fortalecer o futebol regional e revelar jovens talentos por meio das categorias de base. A equipe trabalha para consolidar seu espa\u00e7o no cen\u00e1rio estadual, oferecendo oportunidades a atletas da regi\u00e3o.<\/p>\n<p data-start=\"635\" data-end=\"781\">Mesmo sendo um clube do interior, desempenha papel importante no desenvolvimento esportivo local, contando com apoio da torcida e da comunidade.<\/p>\n<span style=\"font-style: inherit;font-weight: inherit;letter-spacing: 0.01em\">Assim, o Villa Real Futebol Clube segue construindo sua hist\u00f3ria e representando Machado no futebol mineiro.<\/span><\/h6>\t\t\t\t<\/div>\n\t\t\t\t<\/div>\n\t\t\t\t<\/div>\n\t\t\t\t\t<\/div>\n\t\t\t\t<\/div>\n\t\t<div class=\"elementor-element elementor-element-8573724 e-flex e-con-boxed e-con e-parent\" data-id=\"8573724\" data-element_type=\"container\" data-e-type=\"container\">\n\t\t\t\t\t<div class=\"e-con-inner\">\n\t\t\t\t<div class=\"elementor-element elementor-element-25a3b4a elementor-widget__width-initial elementor-widget elementor-widget-image\" data-id=\"25a3b4a\" data-element_type=\"widget\" data-e-type=\"widget\" data-widget_type=\"image.default\">\n\t\t\t\t\t\t\t\t\t\t\t\t\t\t\t<img decoding=\"async\" width=\"500\" height=\"350\" src=\"https:\/\/sportsbol.com.br\/wp-content\/uploads\/2026\/03\/Flag_of_Brazil.svg_.webp\" class=\"attachment-full size-full wp-image-1799\" alt=\"\" srcset=\"https:\/\/sportsbol.com.br\/wp-content\/uploads\/2026\/03\/Flag_of_Brazil.svg_.webp 500w, https:\/\/sportsbol.com.br\/wp-content\/uploads\/2026\/03\/Flag_of_Brazil.svg_-300x210.webp 300w\" sizes=\"(max-width: 500px) 100vw, 500px\" \/>\t\t\t\t\t\t\t\t\t\t\t\t\t\t\t<\/div>\n\t\t\t\t\t<\/div>\n\t\t\t\t<\/div>\n\t\t\t\t<\/div>\n\t\t","protected":false},"excerpt":{"rendered":"<p>Villa Real Esporte Clube Villa Real Machado, Minas Gerais, Brasil Funda\u00e7\u00e3o: 2021 Mando de Campo: N\u00e3o houve informa\u00e7\u00f5es suficientes O Villa Real Futebol Clube \u00e9 um clube de futebol brasileiro sediado na cidade de Machado, no estado de Minas Gerais. O clube representa a cidade em competi\u00e7\u00f5es organizadas pela Federa\u00e7\u00e3o Mineira de Futebol, especialmente nas [&hellip;]<\/p>\n","protected":false},"author":1,"featured_media":0,"parent":0,"menu_order":0,"comment_status":"closed","ping_status":"closed","template":"","meta":{"zakra_page_container_layout":"customizer","zakra_page_sidebar_layout":"customizer","zakra_remove_content_margin":false,"zakra_sidebar":"customizer","zakra_transparent_header":"customizer","zakra_logo":0,"zakra_main_header_style":"default","zakra_menu_item_color":"","zakra_menu_item_hover_color":"","zakra_menu_item_active_color":"","zakra_menu_active_style":"","zakra_page_header":true,"footnotes":""},"class_list":["post-427","page","type-page","status-publish","hentry"],"_links":{"self":[{"href":"https:\/\/sportsbol.com.br\/index.php?rest_route=\/wp\/v2\/pages\/427","targetHints":{"allow":["GET"]}}],"collection":[{"href":"https:\/\/sportsbol.com.br\/index.php?rest_route=\/wp\/v2\/pages"}],"about":[{"href":"https:\/\/sportsbol.com.br\/index.php?rest_route=\/wp\/v2\/types\/page"}],"author":[{"embeddable":true,"href":"https:\/\/sportsbol.com.br\/index.php?rest_route=\/wp\/v2\/users\/1"}],"replies":[{"embeddable":true,"href":"https:\/\/sportsbol.com.br\/index.php?rest_route=%2Fwp%2Fv2%2Fcomments&post=427"}],"version-history":[{"count":10,"href":"https:\/\/sportsbol.com.br\/index.php?rest_route=\/wp\/v2\/pages\/427\/revisions"}],"predecessor-version":[{"id":1897,"href":"https:\/\/sportsbol.com.br\/index.php?rest_route=\/wp\/v2\/pages\/427\/revisions\/1897"}],"wp:attachment":[{"href":"https:\/\/sportsbol.com.br\/index.php?rest_route=%2Fwp%2Fv2%2Fmedia&parent=427"}],"curies":[{"name":"wp","href":"https:\/\/api.w.org\/{rel}","templated":true}]}}