{"id":418,"date":"2026-02-28T11:51:29","date_gmt":"2026-02-28T14:51:29","guid":{"rendered":"https:\/\/sportsbol.com.br\/?page_id=418"},"modified":"2026-03-26T14:39:51","modified_gmt":"2026-03-26T17:39:51","slug":"tupynambas","status":"publish","type":"page","link":"https:\/\/sportsbol.com.br\/?page_id=418","title":{"rendered":"Tupynamb\u00e1s"},"content":{"rendered":"\t\t<div data-elementor-type=\"wp-page\" data-elementor-id=\"418\" class=\"elementor elementor-418\" data-elementor-post-type=\"page\">\n\t\t\t\t<div class=\"elementor-element elementor-element-6708ac8 e-flex e-con-boxed e-con e-parent\" data-id=\"6708ac8\" data-element_type=\"container\" data-e-type=\"container\">\n\t\t\t\t\t<div class=\"e-con-inner\">\n\t\t<div class=\"elementor-element elementor-element-78c2c01 e-con-full e-flex e-con e-child\" data-id=\"78c2c01\" data-element_type=\"container\" data-e-type=\"container\">\n\t\t\t\t<div class=\"elementor-element elementor-element-b7969ce elementor-widget elementor-widget-image\" data-id=\"b7969ce\" data-element_type=\"widget\" data-e-type=\"widget\" data-widget_type=\"image.default\">\n\t\t\t\t\t\t\t\t\t\t\t\t\t\t\t<img fetchpriority=\"high\" decoding=\"async\" width=\"250\" height=\"291\" src=\"https:\/\/sportsbol.com.br\/wp-content\/uploads\/2026\/02\/TupynambasFC2023.png\" class=\"attachment-medium size-medium wp-image-420\" alt=\"\" \/>\t\t\t\t\t\t\t\t\t\t\t\t\t\t\t<\/div>\n\t\t\t\t<\/div>\n\t\t<div class=\"elementor-element elementor-element-032bb9e e-con-full e-flex e-con e-child\" data-id=\"032bb9e\" data-element_type=\"container\" data-e-type=\"container\">\n\t\t<div class=\"elementor-element elementor-element-60a6ea6 e-con-full e-flex e-con e-child\" data-id=\"60a6ea6\" data-element_type=\"container\" data-e-type=\"container\">\n\t\t\t\t<div class=\"elementor-element elementor-element-bf5f673 elementor-widget elementor-widget-heading\" data-id=\"bf5f673\" data-element_type=\"widget\" data-e-type=\"widget\" data-widget_type=\"heading.default\">\n\t\t\t\t\t<h2 class=\"elementor-heading-title elementor-size-default\">Tupynamb\u00e1s<\/h2>\t\t\t\t<\/div>\n\t\t\t\t<\/div>\n\t\t<div class=\"elementor-element elementor-element-86fa983 e-con-full e-flex e-con e-child\" data-id=\"86fa983\" data-element_type=\"container\" data-e-type=\"container\">\n\t\t\t\t<div class=\"elementor-element elementor-element-39afc04 elementor-widget elementor-widget-heading\" data-id=\"39afc04\" data-element_type=\"widget\" data-e-type=\"widget\" data-widget_type=\"heading.default\">\n\t\t\t\t\t<h6 class=\"elementor-heading-title elementor-size-default\">Tupynamb\u00e1s Futebol Clube<br><br>Juiz de Fora, Minas Gerais, Brasil<br><br>Funda\u00e7\u00e3o: 15\/08\/1911<br><br>Mando de Jogo: Mario Hel\u00eanio<br><br><div class=\"relative basis-auto flex-col -mb-(--composer-overlap-px) [--composer-overlap-px:55px] grow flex\"><div class=\"flex flex-col text-sm pb-25\"><article class=\"text-token-text-primary w-full focus:outline-none [--shadow-height:45px] has-data-writing-block:pointer-events-none has-data-writing-block:-mt-(--shadow-height) has-data-writing-block:pt-(--shadow-height) [&amp;:has([data-writing-block])&gt;*]:pointer-events-auto scroll-mt-[calc(var(--header-height)+min(200px,max(70px,20svh)))]\" dir=\"auto\" data-turn-id=\"request-WEB:99825da2-7db6-4ed8-ba00-de90c2c7e76f-31\" data-testid=\"conversation-turn-64\" data-scroll-anchor=\"true\" data-turn=\"assistant\"><div class=\"text-base my-auto mx-auto pb-10 [--thread-content-margin:--spacing(4)] @w-sm\/main:[--thread-content-margin:--spacing(6)] @w-lg\/main:[--thread-content-margin:--spacing(16)] px-(--thread-content-margin)\"><div class=\"[--thread-content-max-width:40rem] @w-lg\/main:[--thread-content-max-width:48rem] mx-auto max-w-(--thread-content-max-width) flex-1 group\/turn-messages focus-visible:outline-hidden relative flex w-full min-w-0 flex-col agent-turn\"><div class=\"flex max-w-full flex-col grow\"><div data-message-author-role=\"assistant\" data-message-id=\"0bd12a1e-c1fd-461b-9304-7c513353abdb\" dir=\"auto\" data-message-model-slug=\"gpt-5-mini\" class=\"min-h-8 text-message relative flex w-full flex-col items-end gap-2 text-start break-words whitespace-normal [.text-message+&amp;]:mt-1\"><div class=\"flex w-full flex-col gap-1 empty:hidden first:pt-[1px]\"><div class=\"markdown prose dark:prose-invert w-full wrap-break-word light markdown-new-styling\"><p data-start=\"0\" data-end=\"210\">O <strong data-start=\"2\" data-end=\"43\">Tupynamb\u00e1s Futebol Clube<\/strong> \u00e9 um tradicional clube de futebol brasileiro sediado na cidade de <strong data-start=\"110\" data-end=\"151\">Juiz de Fora<\/strong>, no estado de <strong data-start=\"166\" data-end=\"207\">Minas Gerais<\/strong>.<\/p>\n<p data-start=\"212\" data-end=\"429\">Fundado em 15 de agosto de 1911, o clube \u00e9 conhecido como <strong data-start=\"268\" data-end=\"276\">Tupy<\/strong> e tem como cores oficiais o azul e o branco. O Tupynamb\u00e1s manda seus jogos no Est\u00e1dio Municipal Radialista M\u00e1rio Hel\u00eanio, compartilhado com o Tupi FC.<\/p>\n<p data-start=\"431\" data-end=\"637\">Ao longo da hist\u00f3ria, a equipe teve participa\u00e7\u00f5es importantes no Campeonato Mineiro, alternando entre as divis\u00f5es principais e de acesso, e se consolidou como uma das equipes tradicionais da Zona da Mata.<\/p>\n<p data-start=\"639\" data-end=\"804\">O clube tamb\u00e9m investe na forma\u00e7\u00e3o de jovens atletas e na valoriza\u00e7\u00e3o de talentos locais. A torcida \u00e9 apaixonada e mant\u00e9m viva a tradi\u00e7\u00e3o centen\u00e1ria do Tupynamb\u00e1s.<span style=\"font-size: 1.6rem;font-style: inherit;letter-spacing: 0.01em;font-weight: inherit\"><\/span><\/p><\/div><\/div><\/div><\/div><\/div><\/div><\/article><\/div><\/div><\/h6>\t\t\t\t<\/div>\n\t\t\t\t<\/div>\n\t\t\t\t<\/div>\n\t\t\t\t\t<\/div>\n\t\t\t\t<\/div>\n\t\t<div class=\"elementor-element elementor-element-8b76ecf e-flex e-con-boxed e-con e-parent\" data-id=\"8b76ecf\" data-element_type=\"container\" data-e-type=\"container\">\n\t\t\t\t\t<div class=\"e-con-inner\">\n\t\t\t\t<div class=\"elementor-element elementor-element-1877896 elementor-widget__width-initial elementor-widget elementor-widget-image\" data-id=\"1877896\" data-element_type=\"widget\" data-e-type=\"widget\" data-widget_type=\"image.default\">\n\t\t\t\t\t\t\t\t\t\t\t\t\t\t\t<img decoding=\"async\" width=\"500\" height=\"350\" src=\"https:\/\/sportsbol.com.br\/wp-content\/uploads\/2026\/03\/Flag_of_Brazil.svg_.webp\" class=\"attachment-full size-full wp-image-1799\" alt=\"\" srcset=\"https:\/\/sportsbol.com.br\/wp-content\/uploads\/2026\/03\/Flag_of_Brazil.svg_.webp 500w, https:\/\/sportsbol.com.br\/wp-content\/uploads\/2026\/03\/Flag_of_Brazil.svg_-300x210.webp 300w\" sizes=\"(max-width: 500px) 100vw, 500px\" \/>\t\t\t\t\t\t\t\t\t\t\t\t\t\t\t<\/div>\n\t\t\t\t\t<\/div>\n\t\t\t\t<\/div>\n\t\t\t\t<\/div>\n\t\t","protected":false},"excerpt":{"rendered":"<p>Tupynamb\u00e1s Tupynamb\u00e1s Futebol Clube Juiz de Fora, Minas Gerais, Brasil Funda\u00e7\u00e3o: 15\/08\/1911 Mando de Jogo: Mario Hel\u00eanio O Tupynamb\u00e1s Futebol Clube \u00e9 um tradicional clube de futebol brasileiro sediado na cidade de Juiz de Fora, no estado de Minas Gerais. Fundado em 15 de agosto de 1911, o clube \u00e9 conhecido como Tupy e tem [&hellip;]<\/p>\n","protected":false},"author":1,"featured_media":0,"parent":0,"menu_order":0,"comment_status":"closed","ping_status":"closed","template":"","meta":{"zakra_page_container_layout":"customizer","zakra_page_sidebar_layout":"customizer","zakra_remove_content_margin":false,"zakra_sidebar":"customizer","zakra_transparent_header":"customizer","zakra_logo":0,"zakra_main_header_style":"default","zakra_menu_item_color":"","zakra_menu_item_hover_color":"","zakra_menu_item_active_color":"","zakra_menu_active_style":"","zakra_page_header":true,"footnotes":""},"class_list":["post-418","page","type-page","status-publish","hentry"],"_links":{"self":[{"href":"https:\/\/sportsbol.com.br\/index.php?rest_route=\/wp\/v2\/pages\/418","targetHints":{"allow":["GET"]}}],"collection":[{"href":"https:\/\/sportsbol.com.br\/index.php?rest_route=\/wp\/v2\/pages"}],"about":[{"href":"https:\/\/sportsbol.com.br\/index.php?rest_route=\/wp\/v2\/types\/page"}],"author":[{"embeddable":true,"href":"https:\/\/sportsbol.com.br\/index.php?rest_route=\/wp\/v2\/users\/1"}],"replies":[{"embeddable":true,"href":"https:\/\/sportsbol.com.br\/index.php?rest_route=%2Fwp%2Fv2%2Fcomments&post=418"}],"version-history":[{"count":14,"href":"https:\/\/sportsbol.com.br\/index.php?rest_route=\/wp\/v2\/pages\/418\/revisions"}],"predecessor-version":[{"id":2279,"href":"https:\/\/sportsbol.com.br\/index.php?rest_route=\/wp\/v2\/pages\/418\/revisions\/2279"}],"wp:attachment":[{"href":"https:\/\/sportsbol.com.br\/index.php?rest_route=%2Fwp%2Fv2%2Fmedia&parent=418"}],"curies":[{"name":"wp","href":"https:\/\/api.w.org\/{rel}","templated":true}]}}