{"id":378,"date":"2026-02-28T10:56:36","date_gmt":"2026-02-28T13:56:36","guid":{"rendered":"https:\/\/sportsbol.com.br\/?page_id=378"},"modified":"2026-03-26T14:27:50","modified_gmt":"2026-03-26T17:27:50","slug":"serranense","status":"publish","type":"page","link":"https:\/\/sportsbol.com.br\/?page_id=378","title":{"rendered":"Serranense"},"content":{"rendered":"\t\t<div data-elementor-type=\"wp-page\" data-elementor-id=\"378\" class=\"elementor elementor-378\" data-elementor-post-type=\"page\">\n\t\t\t\t<div class=\"elementor-element elementor-element-a3d7368 e-flex e-con-boxed e-con e-parent\" data-id=\"a3d7368\" data-element_type=\"container\" data-e-type=\"container\">\n\t\t\t\t\t<div class=\"e-con-inner\">\n\t\t<div class=\"elementor-element elementor-element-6f68bf0 e-con-full e-flex e-con e-child\" data-id=\"6f68bf0\" data-element_type=\"container\" data-e-type=\"container\">\n\t\t\t\t<div class=\"elementor-element elementor-element-0b9c0e5 elementor-widget elementor-widget-image\" data-id=\"0b9c0e5\" data-element_type=\"widget\" data-e-type=\"widget\" data-widget_type=\"image.default\">\n\t\t\t\t\t\t\t\t\t\t\t\t\t\t\t<img fetchpriority=\"high\" decoding=\"async\" width=\"250\" height=\"263\" src=\"https:\/\/sportsbol.com.br\/wp-content\/uploads\/2026\/02\/CASerranense.png\" class=\"attachment-medium size-medium wp-image-380\" alt=\"\" \/>\t\t\t\t\t\t\t\t\t\t\t\t\t\t\t<\/div>\n\t\t\t\t<\/div>\n\t\t<div class=\"elementor-element elementor-element-58dc08f e-con-full e-flex e-con e-child\" data-id=\"58dc08f\" data-element_type=\"container\" data-e-type=\"container\">\n\t\t<div class=\"elementor-element elementor-element-3b9ee69 e-con-full e-flex e-con e-child\" data-id=\"3b9ee69\" data-element_type=\"container\" data-e-type=\"container\">\n\t\t\t\t<div class=\"elementor-element elementor-element-a83e329 elementor-widget elementor-widget-heading\" data-id=\"a83e329\" data-element_type=\"widget\" data-e-type=\"widget\" data-widget_type=\"heading.default\">\n\t\t\t\t\t<h2 class=\"elementor-heading-title elementor-size-default\">Serranense<\/h2>\t\t\t\t<\/div>\n\t\t\t\t<\/div>\n\t\t<div class=\"elementor-element elementor-element-cec0f9d e-con-full e-flex e-con e-child\" data-id=\"cec0f9d\" data-element_type=\"container\" data-e-type=\"container\">\n\t\t\t\t<div class=\"elementor-element elementor-element-df6c49f elementor-widget elementor-widget-heading\" data-id=\"df6c49f\" data-element_type=\"widget\" data-e-type=\"widget\" data-widget_type=\"heading.default\">\n\t\t\t\t\t<h6 class=\"elementor-heading-title elementor-size-default\">Clube Atl\u00e9tico Serranense<br><br>Nova Serrana, Minas Gerais, Brasil<br><br> Funda\u00e7\u00e3o: 1930<br><br>Mando de Campo: Arena do Cal\u00e7ado<br><br><div><div><div><div data-message-author-role=\"assistant\" data-message-id=\"a4fc2b58-1340-4e0b-b34c-b0b05c21d8aa\" dir=\"auto\" data-message-model-slug=\"gpt-5-2\"><div><div><p data-start=\"0\" data-end=\"236\">O Atl\u00e9tico Clube <strong data-start=\"2\" data-end=\"43\">Serranense<\/strong>, tamb\u00e9m conhecido como Serranense, \u00e9 um clube de futebol brasileiro sediado na cidade de <strong data-start=\"136\" data-end=\"177\">Nova Serrana<\/strong>, no estado de <strong data-start=\"192\" data-end=\"233\">Minas Gerais<\/strong>.<\/p>\n<p data-start=\"238\" data-end=\"397\">Fundado em 1930, o clube surgiu com a proposta de fortalecer o futebol da regi\u00e3o Centro-Oeste mineira. Suas cores tradicionais s\u00e3o o amarelo e preto.<\/p>\n<p data-start=\"399\" data-end=\"636\">O Serranense participou de competi\u00e7\u00f5es organizadas pela Federa\u00e7\u00e3o Mineira de Futebol, disputando divis\u00f5es de acesso do Campeonato Mineiro. Ao longo de sua trajet\u00f3ria, buscou revelar talentos e consolidar seu espa\u00e7o no cen\u00e1rio estadual.<\/p>\n<p data-start=\"638\" data-end=\"789\">Mesmo sendo um clube relativamente jovem, teve momentos de destaque nas divis\u00f5es inferiores, contribuindo para o desenvolvimento esportivo da cidade.<\/p>\n<p data-start=\"791\" data-end=\"919\" data-is-last-node=\"\" data-is-only-node=\"\">Assim, o Serranense Futebol Clube mant\u00e9m sua import\u00e2ncia regional e segue como representante de Nova Serrana no futebol mineiro.<\/p><\/div><\/div><\/div><\/div><div><\/div><\/div><\/div><\/h6>\t\t\t\t<\/div>\n\t\t\t\t<\/div>\n\t\t\t\t<\/div>\n\t\t\t\t\t<\/div>\n\t\t\t\t<\/div>\n\t\t<div class=\"elementor-element elementor-element-1f3413b e-flex e-con-boxed e-con e-parent\" data-id=\"1f3413b\" data-element_type=\"container\" data-e-type=\"container\">\n\t\t\t\t\t<div class=\"e-con-inner\">\n\t\t\t\t<div class=\"elementor-element elementor-element-1115e63 elementor-widget__width-initial elementor-widget elementor-widget-image\" data-id=\"1115e63\" data-element_type=\"widget\" data-e-type=\"widget\" data-widget_type=\"image.default\">\n\t\t\t\t\t\t\t\t\t\t\t\t\t\t\t<img decoding=\"async\" width=\"500\" height=\"350\" src=\"https:\/\/sportsbol.com.br\/wp-content\/uploads\/2026\/03\/Flag_of_Brazil.svg_.webp\" class=\"attachment-full size-full wp-image-1799\" alt=\"\" srcset=\"https:\/\/sportsbol.com.br\/wp-content\/uploads\/2026\/03\/Flag_of_Brazil.svg_.webp 500w, https:\/\/sportsbol.com.br\/wp-content\/uploads\/2026\/03\/Flag_of_Brazil.svg_-300x210.webp 300w\" sizes=\"(max-width: 500px) 100vw, 500px\" \/>\t\t\t\t\t\t\t\t\t\t\t\t\t\t\t<\/div>\n\t\t\t\t\t<\/div>\n\t\t\t\t<\/div>\n\t\t\t\t<\/div>\n\t\t","protected":false},"excerpt":{"rendered":"<p>Serranense Clube Atl\u00e9tico Serranense Nova Serrana, Minas Gerais, Brasil Funda\u00e7\u00e3o: 1930 Mando de Campo: Arena do Cal\u00e7ado O Atl\u00e9tico Clube Serranense, tamb\u00e9m conhecido como Serranense, \u00e9 um clube de futebol brasileiro sediado na cidade de Nova Serrana, no estado de Minas Gerais. Fundado em 1930, o clube surgiu com a proposta de fortalecer o futebol [&hellip;]<\/p>\n","protected":false},"author":1,"featured_media":0,"parent":0,"menu_order":0,"comment_status":"closed","ping_status":"closed","template":"","meta":{"zakra_page_container_layout":"customizer","zakra_page_sidebar_layout":"customizer","zakra_remove_content_margin":false,"zakra_sidebar":"customizer","zakra_transparent_header":"customizer","zakra_logo":0,"zakra_main_header_style":"default","zakra_menu_item_color":"","zakra_menu_item_hover_color":"","zakra_menu_item_active_color":"","zakra_menu_active_style":"","zakra_page_header":true,"footnotes":""},"class_list":["post-378","page","type-page","status-publish","hentry"],"_links":{"self":[{"href":"https:\/\/sportsbol.com.br\/index.php?rest_route=\/wp\/v2\/pages\/378","targetHints":{"allow":["GET"]}}],"collection":[{"href":"https:\/\/sportsbol.com.br\/index.php?rest_route=\/wp\/v2\/pages"}],"about":[{"href":"https:\/\/sportsbol.com.br\/index.php?rest_route=\/wp\/v2\/types\/page"}],"author":[{"embeddable":true,"href":"https:\/\/sportsbol.com.br\/index.php?rest_route=\/wp\/v2\/users\/1"}],"replies":[{"embeddable":true,"href":"https:\/\/sportsbol.com.br\/index.php?rest_route=%2Fwp%2Fv2%2Fcomments&post=378"}],"version-history":[{"count":10,"href":"https:\/\/sportsbol.com.br\/index.php?rest_route=\/wp\/v2\/pages\/378\/revisions"}],"predecessor-version":[{"id":2237,"href":"https:\/\/sportsbol.com.br\/index.php?rest_route=\/wp\/v2\/pages\/378\/revisions\/2237"}],"wp:attachment":[{"href":"https:\/\/sportsbol.com.br\/index.php?rest_route=%2Fwp%2Fv2%2Fmedia&parent=378"}],"curies":[{"name":"wp","href":"https:\/\/api.w.org\/{rel}","templated":true}]}}