{"id":372,"date":"2026-02-28T10:48:51","date_gmt":"2026-02-28T13:48:51","guid":{"rendered":"https:\/\/sportsbol.com.br\/?page_id=372"},"modified":"2026-03-26T14:43:49","modified_gmt":"2026-03-26T17:43:49","slug":"uniao-luziense","status":"publish","type":"page","link":"https:\/\/sportsbol.com.br\/?page_id=372","title":{"rendered":"Uni\u00e3o Luziense"},"content":{"rendered":"\t\t<div data-elementor-type=\"wp-page\" data-elementor-id=\"372\" class=\"elementor elementor-372\" data-elementor-post-type=\"page\">\n\t\t\t\t<div class=\"elementor-element elementor-element-fe48645 e-flex e-con-boxed e-con e-parent\" data-id=\"fe48645\" data-element_type=\"container\" data-e-type=\"container\">\n\t\t\t\t\t<div class=\"e-con-inner\">\n\t\t<div class=\"elementor-element elementor-element-897de22 e-con-full e-flex e-con e-child\" data-id=\"897de22\" data-element_type=\"container\" data-e-type=\"container\">\n\t\t\t\t<div class=\"elementor-element elementor-element-a018223 elementor-widget elementor-widget-image\" data-id=\"a018223\" data-element_type=\"widget\" data-e-type=\"widget\" data-widget_type=\"image.default\">\n\t\t\t\t\t\t\t\t\t\t\t\t\t\t\t<img decoding=\"async\" width=\"150\" height=\"150\" src=\"https:\/\/sportsbol.com.br\/wp-content\/uploads\/2026\/02\/UniaoLuziense.png\" class=\"attachment-medium size-medium wp-image-374\" alt=\"\" \/>\t\t\t\t\t\t\t\t\t\t\t\t\t\t\t<\/div>\n\t\t\t\t<\/div>\n\t\t<div class=\"elementor-element elementor-element-25cc22b e-con-full e-flex e-con e-child\" data-id=\"25cc22b\" data-element_type=\"container\" data-e-type=\"container\">\n\t\t<div class=\"elementor-element elementor-element-993237f e-con-full e-flex e-con e-child\" data-id=\"993237f\" data-element_type=\"container\" data-e-type=\"container\">\n\t\t\t\t<div class=\"elementor-element elementor-element-a97aaa0 elementor-widget elementor-widget-heading\" data-id=\"a97aaa0\" data-element_type=\"widget\" data-e-type=\"widget\" data-widget_type=\"heading.default\">\n\t\t\t\t\t<h2 class=\"elementor-heading-title elementor-size-default\">Uni\u00e3o Luziense<\/h2>\t\t\t\t<\/div>\n\t\t\t\t<\/div>\n\t\t<div class=\"elementor-element elementor-element-2432e32 e-con-full e-flex e-con e-child\" data-id=\"2432e32\" data-element_type=\"container\" data-e-type=\"container\">\n\t\t\t\t<div class=\"elementor-element elementor-element-da7067b elementor-widget elementor-widget-heading\" data-id=\"da7067b\" data-element_type=\"widget\" data-e-type=\"widget\" data-widget_type=\"heading.default\">\n\t\t\t\t\t<h6 class=\"elementor-heading-title elementor-size-default\">Uni\u00e3o Luziense Esporte Clube<br><br>Santa Luzia, Minas Gerais, Brasil<br><br>Funda\u00e7\u00e3o:  27\/11\/1973<br><br>Mando de Jogo: Arena Firmissa<br><br><p data-start=\"0\" data-end=\"212\">O <strong data-start=\"2\" data-end=\"43\">Uni\u00e3o Luziense Esporte Clube<\/strong> \u00e9 um clube de futebol brasileiro sediado na cidade de <strong data-start=\"98\" data-end=\"139\">Santa Luzia<\/strong>, na Regi\u00e3o Metropolitana de <strong data-start=\"168\" data-end=\"209\">Minas Gerais<\/strong>.<\/p>\n<p data-start=\"214\" data-end=\"379\">Fundado em 27 de novembro de 1973, o clube \u00e9 um dos tradicionais representantes do munic\u00edpio no cen\u00e1rio esportivo estadual. Suas cores oficiais s\u00e3o o vermelho e preto.<\/p>\n<p data-start=\"381\" data-end=\"642\">O Uni\u00e3o Luziense participa das competi\u00e7\u00f5es organizadas pela Federa\u00e7\u00e3o Mineira de Futebol, buscando destaque nas divis\u00f5es do Campeonato Mineiro. Ao longo de sua hist\u00f3ria, o clube tem papel importante na forma\u00e7\u00e3o de atletas e no fortalecimento do futebol local.<\/p>\n<p data-start=\"644\" data-end=\"793\">Mesmo enfrentando desafios comuns aos clubes do interior, mant\u00e9m sua identidade e tradi\u00e7\u00e3o. A torcida acompanha com orgulho a trajet\u00f3ria da equipe.<\/p>\n<span style=\"font-style: inherit;font-weight: inherit;letter-spacing: 0.01em\">Assim, o Uni\u00e3o Luziense Esporte Clube segue representando Santa Luzia e contribuindo para o desenvolvimento do futebol mineiro.<\/span><\/h6>\t\t\t\t<\/div>\n\t\t\t\t<\/div>\n\t\t\t\t<\/div>\n\t\t\t\t\t<\/div>\n\t\t\t\t<\/div>\n\t\t<div class=\"elementor-element elementor-element-48a7ac8 e-flex e-con-boxed e-con e-parent\" data-id=\"48a7ac8\" data-element_type=\"container\" data-e-type=\"container\">\n\t\t\t\t\t<div class=\"e-con-inner\">\n\t\t\t\t<div class=\"elementor-element elementor-element-b3ae6c1 elementor-widget__width-initial elementor-widget elementor-widget-image\" data-id=\"b3ae6c1\" data-element_type=\"widget\" data-e-type=\"widget\" data-widget_type=\"image.default\">\n\t\t\t\t\t\t\t\t\t\t\t\t\t\t\t<img fetchpriority=\"high\" decoding=\"async\" width=\"500\" height=\"350\" src=\"https:\/\/sportsbol.com.br\/wp-content\/uploads\/2026\/03\/Flag_of_Brazil.svg_.webp\" class=\"attachment-full size-full wp-image-1799\" alt=\"\" srcset=\"https:\/\/sportsbol.com.br\/wp-content\/uploads\/2026\/03\/Flag_of_Brazil.svg_.webp 500w, https:\/\/sportsbol.com.br\/wp-content\/uploads\/2026\/03\/Flag_of_Brazil.svg_-300x210.webp 300w\" sizes=\"(max-width: 500px) 100vw, 500px\" \/>\t\t\t\t\t\t\t\t\t\t\t\t\t\t\t<\/div>\n\t\t\t\t\t<\/div>\n\t\t\t\t<\/div>\n\t\t\t\t<\/div>\n\t\t","protected":false},"excerpt":{"rendered":"<p>Uni\u00e3o Luziense Uni\u00e3o Luziense Esporte Clube Santa Luzia, Minas Gerais, Brasil Funda\u00e7\u00e3o: 27\/11\/1973 Mando de Jogo: Arena Firmissa O Uni\u00e3o Luziense Esporte Clube \u00e9 um clube de futebol brasileiro sediado na cidade de Santa Luzia, na Regi\u00e3o Metropolitana de Minas Gerais. Fundado em 27 de novembro de 1973, o clube \u00e9 um dos tradicionais representantes [&hellip;]<\/p>\n","protected":false},"author":1,"featured_media":0,"parent":0,"menu_order":0,"comment_status":"closed","ping_status":"closed","template":"","meta":{"zakra_page_container_layout":"customizer","zakra_page_sidebar_layout":"customizer","zakra_remove_content_margin":false,"zakra_sidebar":"customizer","zakra_transparent_header":"customizer","zakra_logo":0,"zakra_main_header_style":"default","zakra_menu_item_color":"","zakra_menu_item_hover_color":"","zakra_menu_item_active_color":"","zakra_menu_active_style":"","zakra_page_header":true,"footnotes":""},"class_list":["post-372","page","type-page","status-publish","hentry"],"_links":{"self":[{"href":"https:\/\/sportsbol.com.br\/index.php?rest_route=\/wp\/v2\/pages\/372","targetHints":{"allow":["GET"]}}],"collection":[{"href":"https:\/\/sportsbol.com.br\/index.php?rest_route=\/wp\/v2\/pages"}],"about":[{"href":"https:\/\/sportsbol.com.br\/index.php?rest_route=\/wp\/v2\/types\/page"}],"author":[{"embeddable":true,"href":"https:\/\/sportsbol.com.br\/index.php?rest_route=\/wp\/v2\/users\/1"}],"replies":[{"embeddable":true,"href":"https:\/\/sportsbol.com.br\/index.php?rest_route=%2Fwp%2Fv2%2Fcomments&post=372"}],"version-history":[{"count":10,"href":"https:\/\/sportsbol.com.br\/index.php?rest_route=\/wp\/v2\/pages\/372\/revisions"}],"predecessor-version":[{"id":2291,"href":"https:\/\/sportsbol.com.br\/index.php?rest_route=\/wp\/v2\/pages\/372\/revisions\/2291"}],"wp:attachment":[{"href":"https:\/\/sportsbol.com.br\/index.php?rest_route=%2Fwp%2Fv2%2Fmedia&parent=372"}],"curies":[{"name":"wp","href":"https:\/\/api.w.org\/{rel}","templated":true}]}}