{"id":360,"date":"2026-02-28T10:42:01","date_gmt":"2026-02-28T13:42:01","guid":{"rendered":"https:\/\/sportsbol.com.br\/?page_id=360"},"modified":"2026-03-26T14:38:50","modified_gmt":"2026-03-26T17:38:50","slug":"tupi","status":"publish","type":"page","link":"https:\/\/sportsbol.com.br\/?page_id=360","title":{"rendered":"Tupi"},"content":{"rendered":"\t\t<div data-elementor-type=\"wp-page\" data-elementor-id=\"360\" class=\"elementor elementor-360\" data-elementor-post-type=\"page\">\n\t\t\t\t<div class=\"elementor-element elementor-element-328a208 e-flex e-con-boxed e-con e-parent\" data-id=\"328a208\" data-element_type=\"container\" data-e-type=\"container\">\n\t\t\t\t\t<div class=\"e-con-inner\">\n\t\t<div class=\"elementor-element elementor-element-4bf822f e-con-full e-flex e-con e-child\" data-id=\"4bf822f\" data-element_type=\"container\" data-e-type=\"container\">\n\t\t\t\t<div class=\"elementor-element elementor-element-c25f0db elementor-widget elementor-widget-image\" data-id=\"c25f0db\" data-element_type=\"widget\" data-e-type=\"widget\" data-widget_type=\"image.default\">\n\t\t\t\t\t\t\t\t\t\t\t\t\t\t\t<img fetchpriority=\"high\" decoding=\"async\" width=\"243\" height=\"300\" src=\"https:\/\/sportsbol.com.br\/wp-content\/uploads\/2026\/02\/Tupi_Football_Club-243x300.png\" class=\"attachment-medium size-medium wp-image-362\" alt=\"\" srcset=\"https:\/\/sportsbol.com.br\/wp-content\/uploads\/2026\/02\/Tupi_Football_Club-243x300.png 243w, https:\/\/sportsbol.com.br\/wp-content\/uploads\/2026\/02\/Tupi_Football_Club.png 330w\" sizes=\"(max-width: 243px) 100vw, 243px\" \/>\t\t\t\t\t\t\t\t\t\t\t\t\t\t\t<\/div>\n\t\t\t\t<\/div>\n\t\t<div class=\"elementor-element elementor-element-a7c080d e-con-full e-flex e-con e-child\" data-id=\"a7c080d\" data-element_type=\"container\" data-e-type=\"container\">\n\t\t<div class=\"elementor-element elementor-element-b0b77e5 e-con-full e-flex e-con e-child\" data-id=\"b0b77e5\" data-element_type=\"container\" data-e-type=\"container\">\n\t\t\t\t<div class=\"elementor-element elementor-element-6cf8973 elementor-widget elementor-widget-heading\" data-id=\"6cf8973\" data-element_type=\"widget\" data-e-type=\"widget\" data-widget_type=\"heading.default\">\n\t\t\t\t\t<h2 class=\"elementor-heading-title elementor-size-default\">Tupi<\/h2>\t\t\t\t<\/div>\n\t\t\t\t<\/div>\n\t\t<div class=\"elementor-element elementor-element-65640cc e-con-full e-flex e-con e-child\" data-id=\"65640cc\" data-element_type=\"container\" data-e-type=\"container\">\n\t\t\t\t<div class=\"elementor-element elementor-element-24c35f7 elementor-widget elementor-widget-heading\" data-id=\"24c35f7\" data-element_type=\"widget\" data-e-type=\"widget\" data-widget_type=\"heading.default\">\n\t\t\t\t\t<h6 class=\"elementor-heading-title elementor-size-default\">Tupi Football Club<br><br>Juiz de Fora, Minas Gerais, Brasil<br><br>Funda\u00e7\u00e3o: 26\/05\/1912<br><br>Mando de Campo: Dr. Francisco Salles Oliveira<br><br><p data-start=\"0\" data-end=\"210\">O <strong data-start=\"2\" data-end=\"43\">Tupi Football Club<\/strong> \u00e9 um tradicional clube de futebol brasileiro sediado na cidade de <strong data-start=\"110\" data-end=\"151\">Juiz de Fora<\/strong>, no estado de <strong data-start=\"166\" data-end=\"207\">Minas Gerais<\/strong>.<\/p>\n<p data-start=\"212\" data-end=\"433\">Fundado em 26 de maio de 1912, o clube \u00e9 conhecido como <strong data-start=\"268\" data-end=\"283\">Galo Carij\u00f3<\/strong>, em refer\u00eancia \u00e0s cores preto e branco. O Tupi manda seus jogos no Est\u00e1dio Municipal Radialista M\u00e1rio Hel\u00eanio, principal palco esportivo da cidade.<\/p>\n<p data-start=\"435\" data-end=\"670\">Ao longo de sua hist\u00f3ria, o clube teve participa\u00e7\u00f5es importantes no Campeonato Mineiro, enfrentando as principais equipes do estado. No cen\u00e1rio nacional, destacou-se ao conquistar o t\u00edtulo da S\u00e9rie D do Campeonato Brasileiro em 2011.<\/p>\n<p data-start=\"672\" data-end=\"778\">O Tupi tamb\u00e9m j\u00e1 disputou a S\u00e9rie B do Campeonato Brasileiro, consolidando seu nome no futebol nacional.<\/p>\n<span style=\"font-style: inherit;font-weight: inherit;letter-spacing: 0.01em\">Com torcida fiel e tradi\u00e7\u00e3o centen\u00e1ria, o Tupi Football Club segue como uma das principais refer\u00eancias do futebol da Zona da Mata mineira.<\/span><\/h6>\t\t\t\t<\/div>\n\t\t\t\t<\/div>\n\t\t\t\t<\/div>\n\t\t\t\t\t<\/div>\n\t\t\t\t<\/div>\n\t\t<div class=\"elementor-element elementor-element-997825f e-flex e-con-boxed e-con e-parent\" data-id=\"997825f\" data-element_type=\"container\" data-e-type=\"container\">\n\t\t\t\t\t<div class=\"e-con-inner\">\n\t\t\t\t<div class=\"elementor-element elementor-element-e842c02 elementor-widget__width-initial elementor-widget elementor-widget-image\" data-id=\"e842c02\" data-element_type=\"widget\" data-e-type=\"widget\" data-widget_type=\"image.default\">\n\t\t\t\t\t\t\t\t\t\t\t\t\t\t\t<img decoding=\"async\" width=\"500\" height=\"350\" src=\"https:\/\/sportsbol.com.br\/wp-content\/uploads\/2026\/03\/Flag_of_Brazil.svg_.webp\" class=\"attachment-full size-full wp-image-1799\" alt=\"\" srcset=\"https:\/\/sportsbol.com.br\/wp-content\/uploads\/2026\/03\/Flag_of_Brazil.svg_.webp 500w, https:\/\/sportsbol.com.br\/wp-content\/uploads\/2026\/03\/Flag_of_Brazil.svg_-300x210.webp 300w\" sizes=\"(max-width: 500px) 100vw, 500px\" \/>\t\t\t\t\t\t\t\t\t\t\t\t\t\t\t<\/div>\n\t\t\t\t\t<\/div>\n\t\t\t\t<\/div>\n\t\t\t\t<\/div>\n\t\t","protected":false},"excerpt":{"rendered":"<p>Tupi Tupi Football Club Juiz de Fora, Minas Gerais, Brasil Funda\u00e7\u00e3o: 26\/05\/1912 Mando de Campo: Dr. Francisco Salles Oliveira O Tupi Football Club \u00e9 um tradicional clube de futebol brasileiro sediado na cidade de Juiz de Fora, no estado de Minas Gerais. Fundado em 26 de maio de 1912, o clube \u00e9 conhecido como Galo [&hellip;]<\/p>\n","protected":false},"author":1,"featured_media":0,"parent":0,"menu_order":0,"comment_status":"closed","ping_status":"closed","template":"","meta":{"zakra_page_container_layout":"customizer","zakra_page_sidebar_layout":"customizer","zakra_remove_content_margin":false,"zakra_sidebar":"customizer","zakra_transparent_header":"customizer","zakra_logo":0,"zakra_main_header_style":"default","zakra_menu_item_color":"","zakra_menu_item_hover_color":"","zakra_menu_item_active_color":"","zakra_menu_active_style":"","zakra_page_header":true,"footnotes":""},"class_list":["post-360","page","type-page","status-publish","hentry"],"_links":{"self":[{"href":"https:\/\/sportsbol.com.br\/index.php?rest_route=\/wp\/v2\/pages\/360","targetHints":{"allow":["GET"]}}],"collection":[{"href":"https:\/\/sportsbol.com.br\/index.php?rest_route=\/wp\/v2\/pages"}],"about":[{"href":"https:\/\/sportsbol.com.br\/index.php?rest_route=\/wp\/v2\/types\/page"}],"author":[{"embeddable":true,"href":"https:\/\/sportsbol.com.br\/index.php?rest_route=\/wp\/v2\/users\/1"}],"replies":[{"embeddable":true,"href":"https:\/\/sportsbol.com.br\/index.php?rest_route=%2Fwp%2Fv2%2Fcomments&post=360"}],"version-history":[{"count":10,"href":"https:\/\/sportsbol.com.br\/index.php?rest_route=\/wp\/v2\/pages\/360\/revisions"}],"predecessor-version":[{"id":2275,"href":"https:\/\/sportsbol.com.br\/index.php?rest_route=\/wp\/v2\/pages\/360\/revisions\/2275"}],"wp:attachment":[{"href":"https:\/\/sportsbol.com.br\/index.php?rest_route=%2Fwp%2Fv2%2Fmedia&parent=360"}],"curies":[{"name":"wp","href":"https:\/\/api.w.org\/{rel}","templated":true}]}}