{"id":348,"date":"2026-02-27T19:59:36","date_gmt":"2026-02-27T22:59:36","guid":{"rendered":"https:\/\/sportsbol.com.br\/?page_id=348"},"modified":"2026-03-15T16:43:12","modified_gmt":"2026-03-15T19:43:12","slug":"v","status":"publish","type":"page","link":"https:\/\/sportsbol.com.br\/?page_id=348","title":{"rendered":"Varginha"},"content":{"rendered":"\t\t<div data-elementor-type=\"wp-page\" data-elementor-id=\"348\" class=\"elementor elementor-348\" data-elementor-post-type=\"page\">\n\t\t\t\t<div class=\"elementor-element elementor-element-1d5f42b e-flex e-con-boxed e-con e-parent\" data-id=\"1d5f42b\" data-element_type=\"container\" data-e-type=\"container\">\n\t\t\t\t\t<div class=\"e-con-inner\">\n\t\t<div class=\"elementor-element elementor-element-9d2006f e-con-full e-flex e-con e-child\" data-id=\"9d2006f\" data-element_type=\"container\" data-e-type=\"container\">\n\t\t\t\t<div class=\"elementor-element elementor-element-2c443d1 elementor-widget elementor-widget-image\" data-id=\"2c443d1\" data-element_type=\"widget\" data-e-type=\"widget\" data-widget_type=\"image.default\">\n\t\t\t\t\t\t\t\t\t\t\t\t\t\t\t<img fetchpriority=\"high\" decoding=\"async\" width=\"250\" height=\"250\" src=\"https:\/\/sportsbol.com.br\/wp-content\/uploads\/2026\/02\/Varginha_Esporte_Clube_Escudo_2021.png\" class=\"attachment-medium size-medium wp-image-349\" alt=\"\" srcset=\"https:\/\/sportsbol.com.br\/wp-content\/uploads\/2026\/02\/Varginha_Esporte_Clube_Escudo_2021.png 250w, https:\/\/sportsbol.com.br\/wp-content\/uploads\/2026\/02\/Varginha_Esporte_Clube_Escudo_2021-150x150.png 150w\" sizes=\"(max-width: 250px) 100vw, 250px\" \/>\t\t\t\t\t\t\t\t\t\t\t\t\t\t\t<\/div>\n\t\t\t\t<\/div>\n\t\t<div class=\"elementor-element elementor-element-e8fb33b e-con-full e-flex e-con e-child\" data-id=\"e8fb33b\" data-element_type=\"container\" data-e-type=\"container\">\n\t\t<div class=\"elementor-element elementor-element-1122259 e-con-full e-flex e-con e-child\" data-id=\"1122259\" data-element_type=\"container\" data-e-type=\"container\">\n\t\t\t\t<div class=\"elementor-element elementor-element-575b5cd elementor-widget elementor-widget-heading\" data-id=\"575b5cd\" data-element_type=\"widget\" data-e-type=\"widget\" data-widget_type=\"heading.default\">\n\t\t\t\t\t<h2 class=\"elementor-heading-title elementor-size-default\">Varginha<\/h2>\t\t\t\t<\/div>\n\t\t\t\t<\/div>\n\t\t<div class=\"elementor-element elementor-element-b58de92 e-con-full e-flex e-con e-child\" data-id=\"b58de92\" data-element_type=\"container\" data-e-type=\"container\">\n\t\t\t\t<div class=\"elementor-element elementor-element-e85ca5c elementor-widget elementor-widget-heading\" data-id=\"e85ca5c\" data-element_type=\"widget\" data-e-type=\"widget\" data-widget_type=\"heading.default\">\n\t\t\t\t\t<h6 class=\"elementor-heading-title elementor-size-default\">Varginha Esporte Clube<br><br>Varginha, Minas Gerais, Brasil<br><br>Funda\u00e7\u00e3o: 12\/02\/1985<br><br>Mando de Campo: Mel\u00e3o<br><br><div class=\"flex flex-col text-sm pb-25\"><article class=\"text-token-text-primary w-full focus:outline-none [--shadow-height:45px] has-data-writing-block:pointer-events-none has-data-writing-block:-mt-(--shadow-height) has-data-writing-block:pt-(--shadow-height) [&amp;:has([data-writing-block])&gt;*]:pointer-events-auto scroll-mt-[calc(var(--header-height)+min(200px,max(70px,20svh)))]\" dir=\"auto\" data-turn-id=\"request-WEB:99825da2-7db6-4ed8-ba00-de90c2c7e76f-19\" data-testid=\"conversation-turn-40\" data-scroll-anchor=\"true\" data-turn=\"assistant\"><div class=\"text-base my-auto mx-auto pb-10 [--thread-content-margin:--spacing(4)] @w-sm\/main:[--thread-content-margin:--spacing(6)] @w-lg\/main:[--thread-content-margin:--spacing(16)] px-(--thread-content-margin)\"><div class=\"[--thread-content-max-width:40rem] @w-lg\/main:[--thread-content-max-width:48rem] mx-auto max-w-(--thread-content-max-width) flex-1 group\/turn-messages focus-visible:outline-hidden relative flex w-full min-w-0 flex-col agent-turn\"><div class=\"flex max-w-full flex-col grow\"><div data-message-author-role=\"assistant\" data-message-id=\"2e39fab1-5423-452b-a067-d2ee1b355215\" dir=\"auto\" data-message-model-slug=\"gpt-5-mini\" class=\"min-h-8 text-message relative flex w-full flex-col items-end gap-2 text-start break-words whitespace-normal [.text-message+&amp;]:mt-1\"><div class=\"flex w-full flex-col gap-1 empty:hidden first:pt-[1px]\"><div class=\"markdown prose dark:prose-invert w-full wrap-break-word light markdown-new-styling\"><p data-start=\"0\" data-end=\"198\">O <strong data-start=\"2\" data-end=\"43\">Varginha Esporte Clube<\/strong> \u00e9 um clube de futebol brasileiro sediado na cidade de <strong data-start=\"98\" data-end=\"139\">Varginha<\/strong>, no estado de <strong data-start=\"154\" data-end=\"195\">Minas Gerais<\/strong>.<\/p>\n<p data-start=\"200\" data-end=\"355\">Fundado em 1985, o clube representa a cidade no futebol mineiro, com foco no desenvolvimento local do esporte. Suas cores oficiais s\u00e3o o vermelho e o preto.<\/p>\n<p data-start=\"357\" data-end=\"486\">O Varginha EC manda seus jogos no Mel\u00e3o e participa das competi\u00e7\u00f5es organizadas pela Federa\u00e7\u00e3o Mineira de Futebol.<\/p>\n<p data-start=\"488\" data-end=\"608\">O clube busca revelar novos talentos, valorizar atletas locais e conquistar espa\u00e7o nas divis\u00f5es do Campeonato Mineiro.<\/p>\n<p data-start=\"610\" data-end=\"750\">Mesmo sendo um clube jovem em compara\u00e7\u00e3o aos tradicionais do estado, mant\u00e9m import\u00e2ncia regional e \u00e9 acompanhado de perto por sua torcida.<\/p>\n<p data-start=\"752\" data-end=\"867\" data-is-last-node=\"\" data-is-only-node=\"\">Assim, o Varginha Esporte Clube segue construindo sua hist\u00f3ria e identidade no futebol do interior de Minas Gerais.<\/p><\/div><\/div><\/div><\/div><div class=\"z-0 flex min-h-[46px] justify-start\"><\/div><\/div><\/div><\/article><\/div><div aria-hidden=\"true\" data-edge=\"true\" class=\"pointer-events-none h-px w-px absolute bottom-0\"><\/div><\/h6>\t\t\t\t<\/div>\n\t\t\t\t<\/div>\n\t\t\t\t<\/div>\n\t\t\t\t\t<\/div>\n\t\t\t\t<\/div>\n\t\t<div class=\"elementor-element elementor-element-b16d7ab e-flex e-con-boxed e-con e-parent\" data-id=\"b16d7ab\" data-element_type=\"container\" data-e-type=\"container\">\n\t\t\t\t\t<div class=\"e-con-inner\">\n\t\t\t\t<div class=\"elementor-element elementor-element-62f473d elementor-widget__width-initial elementor-widget elementor-widget-image\" data-id=\"62f473d\" data-element_type=\"widget\" data-e-type=\"widget\" data-widget_type=\"image.default\">\n\t\t\t\t\t\t\t\t\t\t\t\t\t\t\t<img decoding=\"async\" width=\"500\" height=\"350\" src=\"https:\/\/sportsbol.com.br\/wp-content\/uploads\/2026\/03\/Flag_of_Brazil.svg_.webp\" class=\"attachment-full size-full wp-image-1799\" alt=\"\" srcset=\"https:\/\/sportsbol.com.br\/wp-content\/uploads\/2026\/03\/Flag_of_Brazil.svg_.webp 500w, https:\/\/sportsbol.com.br\/wp-content\/uploads\/2026\/03\/Flag_of_Brazil.svg_-300x210.webp 300w\" sizes=\"(max-width: 500px) 100vw, 500px\" \/>\t\t\t\t\t\t\t\t\t\t\t\t\t\t\t<\/div>\n\t\t\t\t\t<\/div>\n\t\t\t\t<\/div>\n\t\t\t\t<\/div>\n\t\t","protected":false},"excerpt":{"rendered":"<p>Varginha Varginha Esporte Clube Varginha, Minas Gerais, Brasil Funda\u00e7\u00e3o: 12\/02\/1985 Mando de Campo: Mel\u00e3o O Varginha Esporte Clube \u00e9 um clube de futebol brasileiro sediado na cidade de Varginha, no estado de Minas Gerais. Fundado em 1985, o clube representa a cidade no futebol mineiro, com foco no desenvolvimento local do esporte. Suas cores oficiais [&hellip;]<\/p>\n","protected":false},"author":1,"featured_media":0,"parent":0,"menu_order":0,"comment_status":"closed","ping_status":"closed","template":"","meta":{"zakra_page_container_layout":"customizer","zakra_page_sidebar_layout":"customizer","zakra_remove_content_margin":false,"zakra_sidebar":"customizer","zakra_transparent_header":"customizer","zakra_logo":0,"zakra_main_header_style":"default","zakra_menu_item_color":"","zakra_menu_item_hover_color":"","zakra_menu_item_active_color":"","zakra_menu_active_style":"","zakra_page_header":true,"footnotes":""},"class_list":["post-348","page","type-page","status-publish","hentry"],"_links":{"self":[{"href":"https:\/\/sportsbol.com.br\/index.php?rest_route=\/wp\/v2\/pages\/348","targetHints":{"allow":["GET"]}}],"collection":[{"href":"https:\/\/sportsbol.com.br\/index.php?rest_route=\/wp\/v2\/pages"}],"about":[{"href":"https:\/\/sportsbol.com.br\/index.php?rest_route=\/wp\/v2\/types\/page"}],"author":[{"embeddable":true,"href":"https:\/\/sportsbol.com.br\/index.php?rest_route=\/wp\/v2\/users\/1"}],"replies":[{"embeddable":true,"href":"https:\/\/sportsbol.com.br\/index.php?rest_route=%2Fwp%2Fv2%2Fcomments&post=348"}],"version-history":[{"count":10,"href":"https:\/\/sportsbol.com.br\/index.php?rest_route=\/wp\/v2\/pages\/348\/revisions"}],"predecessor-version":[{"id":1888,"href":"https:\/\/sportsbol.com.br\/index.php?rest_route=\/wp\/v2\/pages\/348\/revisions\/1888"}],"wp:attachment":[{"href":"https:\/\/sportsbol.com.br\/index.php?rest_route=%2Fwp%2Fv2%2Fmedia&parent=348"}],"curies":[{"name":"wp","href":"https:\/\/api.w.org\/{rel}","templated":true}]}}