{"id":342,"date":"2026-02-27T19:54:04","date_gmt":"2026-02-27T22:54:04","guid":{"rendered":"https:\/\/sportsbol.com.br\/?page_id=342"},"modified":"2026-03-15T16:46:11","modified_gmt":"2026-03-15T19:46:11","slug":"villa-nova","status":"publish","type":"page","link":"https:\/\/sportsbol.com.br\/?page_id=342","title":{"rendered":"Villa Nova"},"content":{"rendered":"\t\t<div data-elementor-type=\"wp-page\" data-elementor-id=\"342\" class=\"elementor elementor-342\" data-elementor-post-type=\"page\">\n\t\t\t\t<div class=\"elementor-element elementor-element-5157def e-flex e-con-boxed e-con e-parent\" data-id=\"5157def\" data-element_type=\"container\" data-e-type=\"container\">\n\t\t\t\t\t<div class=\"e-con-inner\">\n\t\t<div class=\"elementor-element elementor-element-ffe6de7 e-con-full e-flex e-con e-child\" data-id=\"ffe6de7\" data-element_type=\"container\" data-e-type=\"container\">\n\t\t\t\t<div class=\"elementor-element elementor-element-3115c08 elementor-widget elementor-widget-image\" data-id=\"3115c08\" data-element_type=\"widget\" data-e-type=\"widget\" data-widget_type=\"image.default\">\n\t\t\t\t\t\t\t\t\t\t\t\t\t\t\t<img fetchpriority=\"high\" decoding=\"async\" width=\"203\" height=\"300\" src=\"https:\/\/sportsbol.com.br\/wp-content\/uploads\/2026\/02\/Villa_Nova_AC_Estr_-_MG.svg_-203x300.png\" class=\"attachment-medium size-medium wp-image-344\" alt=\"\" srcset=\"https:\/\/sportsbol.com.br\/wp-content\/uploads\/2026\/02\/Villa_Nova_AC_Estr_-_MG.svg_-203x300.png 203w, https:\/\/sportsbol.com.br\/wp-content\/uploads\/2026\/02\/Villa_Nova_AC_Estr_-_MG.svg_.png 250w\" sizes=\"(max-width: 203px) 100vw, 203px\" \/>\t\t\t\t\t\t\t\t\t\t\t\t\t\t\t<\/div>\n\t\t\t\t<\/div>\n\t\t<div class=\"elementor-element elementor-element-8c9fac4 e-con-full e-flex e-con e-child\" data-id=\"8c9fac4\" data-element_type=\"container\" data-e-type=\"container\">\n\t\t<div class=\"elementor-element elementor-element-8516efd e-con-full e-flex e-con e-child\" data-id=\"8516efd\" data-element_type=\"container\" data-e-type=\"container\">\n\t\t\t\t<div class=\"elementor-element elementor-element-e9f8d86 elementor-widget elementor-widget-heading\" data-id=\"e9f8d86\" data-element_type=\"widget\" data-e-type=\"widget\" data-widget_type=\"heading.default\">\n\t\t\t\t\t<h2 class=\"elementor-heading-title elementor-size-default\">Villa Nova<\/h2>\t\t\t\t<\/div>\n\t\t\t\t<\/div>\n\t\t<div class=\"elementor-element elementor-element-77965d0 e-con-full e-flex e-con e-child\" data-id=\"77965d0\" data-element_type=\"container\" data-e-type=\"container\">\n\t\t\t\t<div class=\"elementor-element elementor-element-9b79819 elementor-widget elementor-widget-heading\" data-id=\"9b79819\" data-element_type=\"widget\" data-e-type=\"widget\" data-widget_type=\"heading.default\">\n\t\t\t\t\t<h6 class=\"elementor-heading-title elementor-size-default\">Villa Nova Atl\u00e9tico Clube<br><br>Nova Lima, Minas Gerais, Brasil<br><br>Funda\u00e7\u00e3o: 28\/06\/1908<br><br>Mando de Campo: Castor Cifuentes<br><br><p data-start=\"0\" data-end=\"210\">O <strong data-start=\"2\" data-end=\"43\">Villa Nova Atl\u00e9tico Clube<\/strong> \u00e9 um tradicional clube de futebol brasileiro sediado na cidade de <strong data-start=\"110\" data-end=\"151\">Nova Lima<\/strong>, no estado de <strong data-start=\"166\" data-end=\"207\">Minas Gerais<\/strong>.<\/p>\n<p data-start=\"212\" data-end=\"390\">Fundado em 28 de junho de 1908, \u00e9 um dos clubes mais antigos de Minas Gerais. Conhecido como <strong data-start=\"305\" data-end=\"323\">Le\u00e3o do Bonfim<\/strong>, o Villa Nova tem como cores tradicionais o vermelho e o branco.<\/p>\n<p data-start=\"392\" data-end=\"578\">O clube manda seus jogos no Est\u00e1dio Municipal Castor Cifuentes, popularmente chamado de Al\u00e7ap\u00e3o do Bonfim. Ao longo de sua hist\u00f3ria, conquistou t\u00edtulos importantes no cen\u00e1rio estadual.<\/p>\n<p data-start=\"580\" data-end=\"749\">O Villa Nova foi campe\u00e3o mineiro em cinco ocasi\u00f5es (1932, 1933, 1934, 1935 e 1951), sendo uma das grandes for\u00e7as do futebol mineiro nas primeiras d\u00e9cadas do s\u00e9culo XX.<\/p>\n<span style=\"font-style: inherit;font-weight: inherit;letter-spacing: 0.01em\">Mesmo alternando participa\u00e7\u00f5es entre divis\u00f5es nos \u00faltimos anos, o clube mant\u00e9m tradi\u00e7\u00e3o, torcida fiel e grande import\u00e2ncia hist\u00f3rica no futebol de Minas Gerais.<\/span><\/h6>\t\t\t\t<\/div>\n\t\t\t\t<\/div>\n\t\t\t\t<\/div>\n\t\t\t\t\t<\/div>\n\t\t\t\t<\/div>\n\t\t<div class=\"elementor-element elementor-element-e26829d e-flex e-con-boxed e-con e-parent\" data-id=\"e26829d\" data-element_type=\"container\" data-e-type=\"container\">\n\t\t\t\t\t<div class=\"e-con-inner\">\n\t\t\t\t<div class=\"elementor-element elementor-element-718cc85 elementor-widget__width-initial elementor-widget elementor-widget-image\" data-id=\"718cc85\" data-element_type=\"widget\" data-e-type=\"widget\" data-widget_type=\"image.default\">\n\t\t\t\t\t\t\t\t\t\t\t\t\t\t\t<img decoding=\"async\" width=\"500\" height=\"350\" src=\"https:\/\/sportsbol.com.br\/wp-content\/uploads\/2026\/03\/Flag_of_Brazil.svg_.webp\" class=\"attachment-full size-full wp-image-1799\" alt=\"\" srcset=\"https:\/\/sportsbol.com.br\/wp-content\/uploads\/2026\/03\/Flag_of_Brazil.svg_.webp 500w, https:\/\/sportsbol.com.br\/wp-content\/uploads\/2026\/03\/Flag_of_Brazil.svg_-300x210.webp 300w\" sizes=\"(max-width: 500px) 100vw, 500px\" \/>\t\t\t\t\t\t\t\t\t\t\t\t\t\t\t<\/div>\n\t\t\t\t\t<\/div>\n\t\t\t\t<\/div>\n\t\t\t\t<\/div>\n\t\t","protected":false},"excerpt":{"rendered":"<p>Villa Nova Villa Nova Atl\u00e9tico Clube Nova Lima, Minas Gerais, Brasil Funda\u00e7\u00e3o: 28\/06\/1908 Mando de Campo: Castor Cifuentes O Villa Nova Atl\u00e9tico Clube \u00e9 um tradicional clube de futebol brasileiro sediado na cidade de Nova Lima, no estado de Minas Gerais. Fundado em 28 de junho de 1908, \u00e9 um dos clubes mais antigos de [&hellip;]<\/p>\n","protected":false},"author":1,"featured_media":0,"parent":0,"menu_order":0,"comment_status":"closed","ping_status":"closed","template":"","meta":{"zakra_page_container_layout":"customizer","zakra_page_sidebar_layout":"customizer","zakra_remove_content_margin":false,"zakra_sidebar":"customizer","zakra_transparent_header":"customizer","zakra_logo":0,"zakra_main_header_style":"default","zakra_menu_item_color":"","zakra_menu_item_hover_color":"","zakra_menu_item_active_color":"","zakra_menu_active_style":"","zakra_page_header":true,"footnotes":""},"class_list":["post-342","page","type-page","status-publish","hentry"],"_links":{"self":[{"href":"https:\/\/sportsbol.com.br\/index.php?rest_route=\/wp\/v2\/pages\/342","targetHints":{"allow":["GET"]}}],"collection":[{"href":"https:\/\/sportsbol.com.br\/index.php?rest_route=\/wp\/v2\/pages"}],"about":[{"href":"https:\/\/sportsbol.com.br\/index.php?rest_route=\/wp\/v2\/types\/page"}],"author":[{"embeddable":true,"href":"https:\/\/sportsbol.com.br\/index.php?rest_route=\/wp\/v2\/users\/1"}],"replies":[{"embeddable":true,"href":"https:\/\/sportsbol.com.br\/index.php?rest_route=%2Fwp%2Fv2%2Fcomments&post=342"}],"version-history":[{"count":10,"href":"https:\/\/sportsbol.com.br\/index.php?rest_route=\/wp\/v2\/pages\/342\/revisions"}],"predecessor-version":[{"id":1894,"href":"https:\/\/sportsbol.com.br\/index.php?rest_route=\/wp\/v2\/pages\/342\/revisions\/1894"}],"wp:attachment":[{"href":"https:\/\/sportsbol.com.br\/index.php?rest_route=%2Fwp%2Fv2%2Fmedia&parent=342"}],"curies":[{"name":"wp","href":"https:\/\/api.w.org\/{rel}","templated":true}]}}