{"id":336,"date":"2026-02-27T19:49:45","date_gmt":"2026-02-27T22:49:45","guid":{"rendered":"https:\/\/sportsbol.com.br\/?page_id=336"},"modified":"2026-03-15T16:40:39","modified_gmt":"2026-03-15T19:40:39","slug":"valeriodoce","status":"publish","type":"page","link":"https:\/\/sportsbol.com.br\/?page_id=336","title":{"rendered":"Valeriodoce"},"content":{"rendered":"\t\t<div data-elementor-type=\"wp-page\" data-elementor-id=\"336\" class=\"elementor elementor-336\" data-elementor-post-type=\"page\">\n\t\t\t\t<div class=\"elementor-element elementor-element-2904b7e e-flex e-con-boxed e-con e-parent\" data-id=\"2904b7e\" data-element_type=\"container\" data-e-type=\"container\">\n\t\t\t\t\t<div class=\"e-con-inner\">\n\t\t<div class=\"elementor-element elementor-element-f250f7a e-con-full e-flex e-con e-child\" data-id=\"f250f7a\" data-element_type=\"container\" data-e-type=\"container\">\n\t\t\t\t<div class=\"elementor-element elementor-element-777c1d0 elementor-widget elementor-widget-image\" data-id=\"777c1d0\" data-element_type=\"widget\" data-e-type=\"widget\" data-widget_type=\"image.default\">\n\t\t\t\t\t\t\t\t\t\t\t\t\t\t\t<img fetchpriority=\"high\" decoding=\"async\" width=\"250\" height=\"277\" src=\"https:\/\/sportsbol.com.br\/wp-content\/uploads\/2026\/02\/ValeriodoceEC.png\" class=\"attachment-medium size-medium wp-image-338\" alt=\"\" \/>\t\t\t\t\t\t\t\t\t\t\t\t\t\t\t<\/div>\n\t\t\t\t<\/div>\n\t\t<div class=\"elementor-element elementor-element-8c2b6e8 e-con-full e-flex e-con e-child\" data-id=\"8c2b6e8\" data-element_type=\"container\" data-e-type=\"container\">\n\t\t<div class=\"elementor-element elementor-element-094202e e-con-full e-flex e-con e-child\" data-id=\"094202e\" data-element_type=\"container\" data-e-type=\"container\">\n\t\t\t\t<div class=\"elementor-element elementor-element-6a0ba17 elementor-widget elementor-widget-heading\" data-id=\"6a0ba17\" data-element_type=\"widget\" data-e-type=\"widget\" data-widget_type=\"heading.default\">\n\t\t\t\t\t<h2 class=\"elementor-heading-title elementor-size-default\">Valeriodoce<\/h2>\t\t\t\t<\/div>\n\t\t\t\t<\/div>\n\t\t<div class=\"elementor-element elementor-element-c329a95 e-con-full e-flex e-con e-child\" data-id=\"c329a95\" data-element_type=\"container\" data-e-type=\"container\">\n\t\t\t\t<div class=\"elementor-element elementor-element-0341c7e elementor-widget elementor-widget-heading\" data-id=\"0341c7e\" data-element_type=\"widget\" data-e-type=\"widget\" data-widget_type=\"heading.default\">\n\t\t\t\t\t<h6 class=\"elementor-heading-title elementor-size-default\">Valeriodoce Esporte Clube<br><br>Itabira, Minas Gerais, Brasil<br><br>Funda\u00e7\u00e3o: 23\/11\/1942<br><br>Mando de Campo: Israel Pinheiro<br><br><div><article dir=\"auto\" data-turn-id=\"request-WEB:99825da2-7db6-4ed8-ba00-de90c2c7e76f-17\" data-testid=\"conversation-turn-36\" data-scroll-anchor=\"true\" data-turn=\"assistant\"><div><div><div><div data-message-author-role=\"assistant\" data-message-id=\"6d591d6f-fbeb-411f-83b3-90d436c09c05\" dir=\"auto\" data-message-model-slug=\"gpt-5-2\"><div><div><p data-start=\"0\" data-end=\"198\">O <strong data-start=\"2\" data-end=\"43\">Valeriodoce Esporte Clube<\/strong> \u00e9 um clube de futebol brasileiro sediado na cidade de <strong data-start=\"98\" data-end=\"139\">Itabira<\/strong>, no estado de <strong data-start=\"154\" data-end=\"195\">Minas Gerais<\/strong>.<\/p>\n<p data-start=\"200\" data-end=\"387\">Fundado em 12 de novembro de 1942, o clube \u00e9 tradicional no interior mineiro e teve grande destaque principalmente nas d\u00e9cadas de 1960 e 1970. Suas cores oficiais s\u00e3o o vermelho e o branco.<\/p>\n<p data-start=\"389\" data-end=\"603\">O Valeriodoce manda seus jogos no Est\u00e1dio Israel Pinheiro, conhecido como Est\u00e1dio do Val\u00e9rio. Ao longo de sua hist\u00f3ria, participou diversas vezes do Campeonato Mineiro, enfrentando os principais clubes do estado.<\/p>\n<p data-start=\"605\" data-end=\"736\">O maior momento do clube foi a conquista do Campeonato Mineiro do M\u00f3dulo I em 1966, um feito marcante para o futebol do interior.<\/p>\n<p data-start=\"738\" data-end=\"921\" data-is-last-node=\"\" data-is-only-node=\"\">Mesmo sem o mesmo protagonismo de outras \u00e9pocas, o Valeriodoce Esporte Clube mant\u00e9m sua import\u00e2ncia hist\u00f3rica no futebol de Minas Gerais, sendo s\u00edmbolo esportivo da cidade de Itabira.<\/p><\/div><\/div><\/div><\/div><div><\/div><\/div><\/div><\/article><\/div><div aria-hidden=\"true\" data-edge=\"true\"><\/div><\/h6>\t\t\t\t<\/div>\n\t\t\t\t<\/div>\n\t\t\t\t<\/div>\n\t\t\t\t\t<\/div>\n\t\t\t\t<\/div>\n\t\t<div class=\"elementor-element elementor-element-2c32319 e-flex e-con-boxed e-con e-parent\" data-id=\"2c32319\" data-element_type=\"container\" data-e-type=\"container\">\n\t\t\t\t\t<div class=\"e-con-inner\">\n\t\t\t\t<div class=\"elementor-element elementor-element-333b0cc elementor-widget__width-initial elementor-widget elementor-widget-image\" data-id=\"333b0cc\" data-element_type=\"widget\" data-e-type=\"widget\" data-widget_type=\"image.default\">\n\t\t\t\t\t\t\t\t\t\t\t\t\t\t\t<img decoding=\"async\" width=\"500\" height=\"350\" src=\"https:\/\/sportsbol.com.br\/wp-content\/uploads\/2026\/03\/Flag_of_Brazil.svg_.webp\" class=\"attachment-full size-full wp-image-1799\" alt=\"\" srcset=\"https:\/\/sportsbol.com.br\/wp-content\/uploads\/2026\/03\/Flag_of_Brazil.svg_.webp 500w, https:\/\/sportsbol.com.br\/wp-content\/uploads\/2026\/03\/Flag_of_Brazil.svg_-300x210.webp 300w\" sizes=\"(max-width: 500px) 100vw, 500px\" \/>\t\t\t\t\t\t\t\t\t\t\t\t\t\t\t<\/div>\n\t\t\t\t\t<\/div>\n\t\t\t\t<\/div>\n\t\t\t\t<\/div>\n\t\t","protected":false},"excerpt":{"rendered":"<p>Valeriodoce Valeriodoce Esporte Clube Itabira, Minas Gerais, Brasil Funda\u00e7\u00e3o: 23\/11\/1942 Mando de Campo: Israel Pinheiro O Valeriodoce Esporte Clube \u00e9 um clube de futebol brasileiro sediado na cidade de Itabira, no estado de Minas Gerais. Fundado em 12 de novembro de 1942, o clube \u00e9 tradicional no interior mineiro e teve grande destaque principalmente nas [&hellip;]<\/p>\n","protected":false},"author":1,"featured_media":0,"parent":0,"menu_order":0,"comment_status":"closed","ping_status":"closed","template":"","meta":{"zakra_page_container_layout":"customizer","zakra_page_sidebar_layout":"customizer","zakra_remove_content_margin":false,"zakra_sidebar":"customizer","zakra_transparent_header":"customizer","zakra_logo":0,"zakra_main_header_style":"default","zakra_menu_item_color":"","zakra_menu_item_hover_color":"","zakra_menu_item_active_color":"","zakra_menu_active_style":"","zakra_page_header":true,"footnotes":""},"class_list":["post-336","page","type-page","status-publish","hentry"],"_links":{"self":[{"href":"https:\/\/sportsbol.com.br\/index.php?rest_route=\/wp\/v2\/pages\/336","targetHints":{"allow":["GET"]}}],"collection":[{"href":"https:\/\/sportsbol.com.br\/index.php?rest_route=\/wp\/v2\/pages"}],"about":[{"href":"https:\/\/sportsbol.com.br\/index.php?rest_route=\/wp\/v2\/types\/page"}],"author":[{"embeddable":true,"href":"https:\/\/sportsbol.com.br\/index.php?rest_route=\/wp\/v2\/users\/1"}],"replies":[{"embeddable":true,"href":"https:\/\/sportsbol.com.br\/index.php?rest_route=%2Fwp%2Fv2%2Fcomments&post=336"}],"version-history":[{"count":10,"href":"https:\/\/sportsbol.com.br\/index.php?rest_route=\/wp\/v2\/pages\/336\/revisions"}],"predecessor-version":[{"id":1885,"href":"https:\/\/sportsbol.com.br\/index.php?rest_route=\/wp\/v2\/pages\/336\/revisions\/1885"}],"wp:attachment":[{"href":"https:\/\/sportsbol.com.br\/index.php?rest_route=%2Fwp%2Fv2%2Fmedia&parent=336"}],"curies":[{"name":"wp","href":"https:\/\/api.w.org\/{rel}","templated":true}]}}