{"id":324,"date":"2026-02-27T19:39:32","date_gmt":"2026-02-27T22:39:32","guid":{"rendered":"https:\/\/sportsbol.com.br\/?page_id=324"},"modified":"2026-03-26T14:40:48","modified_gmt":"2026-03-26T17:40:48","slug":"uberaba","status":"publish","type":"page","link":"https:\/\/sportsbol.com.br\/?page_id=324","title":{"rendered":"Uberaba"},"content":{"rendered":"\t\t<div data-elementor-type=\"wp-page\" data-elementor-id=\"324\" class=\"elementor elementor-324\" data-elementor-post-type=\"page\">\n\t\t\t\t<div class=\"elementor-element elementor-element-cfa7f0b e-flex e-con-boxed e-con e-parent\" data-id=\"cfa7f0b\" data-element_type=\"container\" data-e-type=\"container\">\n\t\t\t\t\t<div class=\"e-con-inner\">\n\t\t<div class=\"elementor-element elementor-element-2930192 e-con-full e-flex e-con e-child\" data-id=\"2930192\" data-element_type=\"container\" data-e-type=\"container\">\n\t\t\t\t<div class=\"elementor-element elementor-element-30df600 elementor-widget elementor-widget-image\" data-id=\"30df600\" data-element_type=\"widget\" data-e-type=\"widget\" data-widget_type=\"image.default\">\n\t\t\t\t\t\t\t\t\t\t\t\t\t\t\t<img fetchpriority=\"high\" decoding=\"async\" width=\"298\" height=\"300\" src=\"https:\/\/sportsbol.com.br\/wp-content\/uploads\/2026\/02\/USCSAF-298x300.png\" class=\"attachment-medium size-medium wp-image-326\" alt=\"\" srcset=\"https:\/\/sportsbol.com.br\/wp-content\/uploads\/2026\/02\/USCSAF-298x300.png 298w, https:\/\/sportsbol.com.br\/wp-content\/uploads\/2026\/02\/USCSAF-150x150.png 150w, https:\/\/sportsbol.com.br\/wp-content\/uploads\/2026\/02\/USCSAF.png 330w\" sizes=\"(max-width: 298px) 100vw, 298px\" \/>\t\t\t\t\t\t\t\t\t\t\t\t\t\t\t<\/div>\n\t\t\t\t<\/div>\n\t\t<div class=\"elementor-element elementor-element-7d1a354 e-con-full e-flex e-con e-child\" data-id=\"7d1a354\" data-element_type=\"container\" data-e-type=\"container\">\n\t\t<div class=\"elementor-element elementor-element-e1c22cd e-con-full e-flex e-con e-child\" data-id=\"e1c22cd\" data-element_type=\"container\" data-e-type=\"container\">\n\t\t\t\t<div class=\"elementor-element elementor-element-08ad665 elementor-widget elementor-widget-heading\" data-id=\"08ad665\" data-element_type=\"widget\" data-e-type=\"widget\" data-widget_type=\"heading.default\">\n\t\t\t\t\t<h2 class=\"elementor-heading-title elementor-size-default\">Uberaba<\/h2>\t\t\t\t<\/div>\n\t\t\t\t<\/div>\n\t\t<div class=\"elementor-element elementor-element-06f40f2 e-con-full e-flex e-con e-child\" data-id=\"06f40f2\" data-element_type=\"container\" data-e-type=\"container\">\n\t\t\t\t<div class=\"elementor-element elementor-element-6640e16 elementor-widget elementor-widget-heading\" data-id=\"6640e16\" data-element_type=\"widget\" data-e-type=\"widget\" data-widget_type=\"heading.default\">\n\t\t\t\t\t<h6 class=\"elementor-heading-title elementor-size-default\">Uberaba Sport Club<br><br>Uberaba, Minas Gerais, Brasil<br><br>Funda\u00e7\u00e3o: 15\/07\/1917<br><br>Mando de Campo: Uberab\u00e3o<br><br><p data-start=\"0\" data-end=\"229\">O <strong data-start=\"2\" data-end=\"43\">Uberaba Sport Club<\/strong> \u00e9 um tradicional clube de futebol brasileiro sediado na cidade de <strong data-start=\"110\" data-end=\"151\">Uberaba<\/strong>, no Tri\u00e2ngulo Mineiro, estado de <strong data-start=\"185\" data-end=\"226\">Minas Gerais<\/strong>.<\/p>\n<p data-start=\"231\" data-end=\"423\">Fundado em 15 de julho de 1915, \u00e9 uma das equipes mais antigas e tradicionais do interior de Minas Gerais. Conhecido como <strong data-start=\"353\" data-end=\"365\">Colorado<\/strong>, o clube tem como cores oficiais o vermelho e o branco.<\/p>\n<p data-start=\"425\" data-end=\"707\">O Uberaba manda seus jogos no Est\u00e1dio Engenheiro Jo\u00e3o Guido, popularmente chamado de Uberab\u00e3o, um dos principais est\u00e1dios da regi\u00e3o. Ao longo de sua hist\u00f3ria, o clube teve participa\u00e7\u00f5es marcantes no Campeonato Mineiro, inclusive disputando a elite estadual em diversas temporadas.<\/p>\n<p data-start=\"709\" data-end=\"875\">O Colorado j\u00e1 conquistou t\u00edtulos importantes no interior e revelou atletas para o futebol brasileiro. A torcida \u00e9 fiel e mant\u00e9m viva a tradi\u00e7\u00e3o do clube centen\u00e1rio.<\/p>\n<span style=\"font-style: inherit;font-weight: inherit;letter-spacing: 0.01em\">Assim, o Uberaba Sport Club segue como s\u00edmbolo esportivo da cidade e refer\u00eancia hist\u00f3rica no futebol mineiro.<\/span><\/h6>\t\t\t\t<\/div>\n\t\t\t\t<\/div>\n\t\t\t\t<\/div>\n\t\t\t\t\t<\/div>\n\t\t\t\t<\/div>\n\t\t<div class=\"elementor-element elementor-element-2285370 e-flex e-con-boxed e-con e-parent\" data-id=\"2285370\" data-element_type=\"container\" data-e-type=\"container\">\n\t\t\t\t\t<div class=\"e-con-inner\">\n\t\t\t\t<div class=\"elementor-element elementor-element-cbf7219 elementor-widget__width-initial elementor-widget elementor-widget-image\" data-id=\"cbf7219\" data-element_type=\"widget\" data-e-type=\"widget\" data-widget_type=\"image.default\">\n\t\t\t\t\t\t\t\t\t\t\t\t\t\t\t<img decoding=\"async\" width=\"500\" height=\"350\" src=\"https:\/\/sportsbol.com.br\/wp-content\/uploads\/2026\/03\/Flag_of_Brazil.svg_.webp\" class=\"attachment-full size-full wp-image-1799\" alt=\"\" srcset=\"https:\/\/sportsbol.com.br\/wp-content\/uploads\/2026\/03\/Flag_of_Brazil.svg_.webp 500w, https:\/\/sportsbol.com.br\/wp-content\/uploads\/2026\/03\/Flag_of_Brazil.svg_-300x210.webp 300w\" sizes=\"(max-width: 500px) 100vw, 500px\" \/>\t\t\t\t\t\t\t\t\t\t\t\t\t\t\t<\/div>\n\t\t\t\t\t<\/div>\n\t\t\t\t<\/div>\n\t\t\t\t<\/div>\n\t\t","protected":false},"excerpt":{"rendered":"<p>Uberaba Uberaba Sport Club Uberaba, Minas Gerais, Brasil Funda\u00e7\u00e3o: 15\/07\/1917 Mando de Campo: Uberab\u00e3o O Uberaba Sport Club \u00e9 um tradicional clube de futebol brasileiro sediado na cidade de Uberaba, no Tri\u00e2ngulo Mineiro, estado de Minas Gerais. Fundado em 15 de julho de 1915, \u00e9 uma das equipes mais antigas e tradicionais do interior de [&hellip;]<\/p>\n","protected":false},"author":1,"featured_media":0,"parent":0,"menu_order":0,"comment_status":"closed","ping_status":"closed","template":"","meta":{"zakra_page_container_layout":"customizer","zakra_page_sidebar_layout":"customizer","zakra_remove_content_margin":false,"zakra_sidebar":"customizer","zakra_transparent_header":"customizer","zakra_logo":0,"zakra_main_header_style":"default","zakra_menu_item_color":"","zakra_menu_item_hover_color":"","zakra_menu_item_active_color":"","zakra_menu_active_style":"","zakra_page_header":true,"footnotes":""},"class_list":["post-324","page","type-page","status-publish","hentry"],"_links":{"self":[{"href":"https:\/\/sportsbol.com.br\/index.php?rest_route=\/wp\/v2\/pages\/324","targetHints":{"allow":["GET"]}}],"collection":[{"href":"https:\/\/sportsbol.com.br\/index.php?rest_route=\/wp\/v2\/pages"}],"about":[{"href":"https:\/\/sportsbol.com.br\/index.php?rest_route=\/wp\/v2\/types\/page"}],"author":[{"embeddable":true,"href":"https:\/\/sportsbol.com.br\/index.php?rest_route=\/wp\/v2\/users\/1"}],"replies":[{"embeddable":true,"href":"https:\/\/sportsbol.com.br\/index.php?rest_route=%2Fwp%2Fv2%2Fcomments&post=324"}],"version-history":[{"count":10,"href":"https:\/\/sportsbol.com.br\/index.php?rest_route=\/wp\/v2\/pages\/324\/revisions"}],"predecessor-version":[{"id":2282,"href":"https:\/\/sportsbol.com.br\/index.php?rest_route=\/wp\/v2\/pages\/324\/revisions\/2282"}],"wp:attachment":[{"href":"https:\/\/sportsbol.com.br\/index.php?rest_route=%2Fwp%2Fv2%2Fmedia&parent=324"}],"curies":[{"name":"wp","href":"https:\/\/api.w.org\/{rel}","templated":true}]}}