{"id":293,"date":"2026-02-27T14:13:22","date_gmt":"2026-02-27T17:13:22","guid":{"rendered":"https:\/\/sportsbol.com.br\/?page_id=293"},"modified":"2026-03-15T16:38:48","modified_gmt":"2026-03-15T19:38:48","slug":"urt","status":"publish","type":"page","link":"https:\/\/sportsbol.com.br\/?page_id=293","title":{"rendered":"URT"},"content":{"rendered":"\t\t<div data-elementor-type=\"wp-page\" data-elementor-id=\"293\" class=\"elementor elementor-293\" data-elementor-post-type=\"page\">\n\t\t\t\t<div class=\"elementor-element elementor-element-8e5b700 e-flex e-con-boxed e-con e-parent\" data-id=\"8e5b700\" data-element_type=\"container\" data-e-type=\"container\">\n\t\t\t\t\t<div class=\"e-con-inner\">\n\t\t<div class=\"elementor-element elementor-element-c0b2d99 e-con-full e-flex e-con e-child\" data-id=\"c0b2d99\" data-element_type=\"container\" data-e-type=\"container\">\n\t\t\t\t<div class=\"elementor-element elementor-element-13fede2 elementor-widget elementor-widget-image\" data-id=\"13fede2\" data-element_type=\"widget\" data-e-type=\"widget\" data-widget_type=\"image.default\">\n\t\t\t\t\t\t\t\t\t\t\t\t\t\t\t<img fetchpriority=\"high\" decoding=\"async\" width=\"216\" height=\"300\" src=\"https:\/\/sportsbol.com.br\/wp-content\/uploads\/2026\/02\/URTmg-216x300.png\" class=\"attachment-medium size-medium wp-image-295\" alt=\"\" srcset=\"https:\/\/sportsbol.com.br\/wp-content\/uploads\/2026\/02\/URTmg-216x300.png 216w, https:\/\/sportsbol.com.br\/wp-content\/uploads\/2026\/02\/URTmg.png 250w\" sizes=\"(max-width: 216px) 100vw, 216px\" \/>\t\t\t\t\t\t\t\t\t\t\t\t\t\t\t<\/div>\n\t\t\t\t<\/div>\n\t\t<div class=\"elementor-element elementor-element-6368f0e e-con-full e-flex e-con e-child\" data-id=\"6368f0e\" data-element_type=\"container\" data-e-type=\"container\">\n\t\t<div class=\"elementor-element elementor-element-e6223b8 e-con-full e-flex e-con e-child\" data-id=\"e6223b8\" data-element_type=\"container\" data-e-type=\"container\">\n\t\t\t\t<div class=\"elementor-element elementor-element-cfe35c5 elementor-widget elementor-widget-heading\" data-id=\"cfe35c5\" data-element_type=\"widget\" data-e-type=\"widget\" data-widget_type=\"heading.default\">\n\t\t\t\t\t<h2 class=\"elementor-heading-title elementor-size-default\">URT<\/h2>\t\t\t\t<\/div>\n\t\t\t\t<\/div>\n\t\t<div class=\"elementor-element elementor-element-f0ce50d e-con-full e-flex e-con e-child\" data-id=\"f0ce50d\" data-element_type=\"container\" data-e-type=\"container\">\n\t\t\t\t<div class=\"elementor-element elementor-element-ce965d8 elementor-widget elementor-widget-heading\" data-id=\"ce965d8\" data-element_type=\"widget\" data-e-type=\"widget\" data-widget_type=\"heading.default\">\n\t\t\t\t\t<h6 class=\"elementor-heading-title elementor-size-default\">Uni\u00e3o Recreativa dos Trabalhadores<br><br>Patos de Minas, Minas Gerais, Brasil<br><br>Funda\u00e7\u00e3o 09\/07\/1939<br><br>Mando de Campo: Arena DB (Zama Maciel)<br><br>O <strong data-start=\"2\" data-end=\"43\">Uni\u00e3o Recreativa dos Trabalhadores<\/strong>, mais conhecido como URT, \u00e9 um clube de futebol brasileiro sediado na cidade de <strong data-start=\"124\" data-end=\"165\">Patos de Minas<\/strong>, no estado de <strong data-start=\"180\" data-end=\"221\">Minas Gerais<\/strong>.<br data-start=\"222\" data-end=\"225\">\nFundado em 9 de julho de 1939, o clube \u00e9 uma das principais for\u00e7as do Alto Parana\u00edba.<br data-start=\"310\" data-end=\"313\">\nA equipe manda seus jogos no Est\u00e1dio Zama Maciel, conhecido como \u201cMangueir\u00e3o\u201d.<br data-start=\"391\" data-end=\"394\">\nSuas cores tradicionais s\u00e3o o azul e o branco.<br data-start=\"440\" data-end=\"443\">\nA URT construiu forte rivalidade local com o Mamor\u00e9, no cl\u00e1ssico conhecido como \u201cCl\u00e1ssico do Milho\u201d.<br data-start=\"543\" data-end=\"546\">\nAo longo de sua hist\u00f3ria, o clube teve participa\u00e7\u00f5es importantes no Campeonato Mineiro.<br data-start=\"633\" data-end=\"636\">\nNos \u00faltimos anos, destacou-se por campanhas competitivas no M\u00f3dulo I.<br data-start=\"705\" data-end=\"708\">\nA equipe j\u00e1 conquistou o acesso \u00e0 elite do futebol mineiro em diferentes ocasi\u00f5es.<br data-start=\"790\" data-end=\"793\">\nA torcida celeste \u00e9 reconhecida pela paix\u00e3o e apoio constante.<br data-start=\"855\" data-end=\"858\">\nO clube valoriza a forma\u00e7\u00e3o de atletas e o fortalecimento do futebol regional.<br data-start=\"936\" data-end=\"939\">\nMesmo representando uma cidade do interior, mant\u00e9m tradi\u00e7\u00e3o e respeito no estado.<br data-start=\"1020\" data-end=\"1023\">\nA URT \u00e9 s\u00edmbolo esportivo de Patos de Minas.<br data-start=\"1067\" data-end=\"1070\">\nSua gest\u00e3o busca equil\u00edbrio financeiro e planejamento a longo prazo.<br data-start=\"1138\" data-end=\"1141\">\nO time j\u00e1 disputou competi\u00e7\u00f5es nacionais, ampliando sua visibilidade.<br data-start=\"1210\" data-end=\"1213\">\nAssim, a Uni\u00e3o Recreativa dos Trabalhadores segue como uma das equipes tradicionais do interior de Minas Gerais.<\/h6>\t\t\t\t<\/div>\n\t\t\t\t<\/div>\n\t\t\t\t<\/div>\n\t\t\t\t\t<\/div>\n\t\t\t\t<\/div>\n\t\t<div class=\"elementor-element elementor-element-36aeaa1 e-flex e-con-boxed e-con e-parent\" data-id=\"36aeaa1\" data-element_type=\"container\" data-e-type=\"container\">\n\t\t\t\t\t<div class=\"e-con-inner\">\n\t\t\t\t<div class=\"elementor-element elementor-element-da6521a elementor-widget__width-initial elementor-widget elementor-widget-image\" data-id=\"da6521a\" data-element_type=\"widget\" data-e-type=\"widget\" data-widget_type=\"image.default\">\n\t\t\t\t\t\t\t\t\t\t\t\t\t\t\t<img decoding=\"async\" width=\"500\" height=\"350\" src=\"https:\/\/sportsbol.com.br\/wp-content\/uploads\/2026\/03\/Flag_of_Brazil.svg_.webp\" class=\"attachment-full size-full wp-image-1799\" alt=\"\" srcset=\"https:\/\/sportsbol.com.br\/wp-content\/uploads\/2026\/03\/Flag_of_Brazil.svg_.webp 500w, https:\/\/sportsbol.com.br\/wp-content\/uploads\/2026\/03\/Flag_of_Brazil.svg_-300x210.webp 300w\" sizes=\"(max-width: 500px) 100vw, 500px\" \/>\t\t\t\t\t\t\t\t\t\t\t\t\t\t\t<\/div>\n\t\t\t\t\t<\/div>\n\t\t\t\t<\/div>\n\t\t\t\t<\/div>\n\t\t","protected":false},"excerpt":{"rendered":"<p>URT Uni\u00e3o Recreativa dos Trabalhadores Patos de Minas, Minas Gerais, Brasil Funda\u00e7\u00e3o 09\/07\/1939 Mando de Campo: Arena DB (Zama Maciel) O Uni\u00e3o Recreativa dos Trabalhadores, mais conhecido como URT, \u00e9 um clube de futebol brasileiro sediado na cidade de Patos de Minas, no estado de Minas Gerais. Fundado em 9 de julho de 1939, o [&hellip;]<\/p>\n","protected":false},"author":1,"featured_media":0,"parent":0,"menu_order":0,"comment_status":"closed","ping_status":"closed","template":"","meta":{"zakra_page_container_layout":"customizer","zakra_page_sidebar_layout":"customizer","zakra_remove_content_margin":false,"zakra_sidebar":"customizer","zakra_transparent_header":"customizer","zakra_logo":0,"zakra_main_header_style":"default","zakra_menu_item_color":"","zakra_menu_item_hover_color":"","zakra_menu_item_active_color":"","zakra_menu_active_style":"","zakra_page_header":true,"footnotes":""},"class_list":["post-293","page","type-page","status-publish","hentry"],"_links":{"self":[{"href":"https:\/\/sportsbol.com.br\/index.php?rest_route=\/wp\/v2\/pages\/293","targetHints":{"allow":["GET"]}}],"collection":[{"href":"https:\/\/sportsbol.com.br\/index.php?rest_route=\/wp\/v2\/pages"}],"about":[{"href":"https:\/\/sportsbol.com.br\/index.php?rest_route=\/wp\/v2\/types\/page"}],"author":[{"embeddable":true,"href":"https:\/\/sportsbol.com.br\/index.php?rest_route=\/wp\/v2\/users\/1"}],"replies":[{"embeddable":true,"href":"https:\/\/sportsbol.com.br\/index.php?rest_route=%2Fwp%2Fv2%2Fcomments&post=293"}],"version-history":[{"count":10,"href":"https:\/\/sportsbol.com.br\/index.php?rest_route=\/wp\/v2\/pages\/293\/revisions"}],"predecessor-version":[{"id":1879,"href":"https:\/\/sportsbol.com.br\/index.php?rest_route=\/wp\/v2\/pages\/293\/revisions\/1879"}],"wp:attachment":[{"href":"https:\/\/sportsbol.com.br\/index.php?rest_route=%2Fwp%2Fv2%2Fmedia&parent=293"}],"curies":[{"name":"wp","href":"https:\/\/api.w.org\/{rel}","templated":true}]}}