{"id":284,"date":"2026-02-27T14:11:54","date_gmt":"2026-02-27T17:11:54","guid":{"rendered":"https:\/\/sportsbol.com.br\/?page_id=284"},"modified":"2026-04-12T14:58:16","modified_gmt":"2026-04-12T17:58:16","slug":"uberlandia","status":"publish","type":"page","link":"https:\/\/sportsbol.com.br\/?page_id=284","title":{"rendered":"UberL\u00c2NDIA"},"content":{"rendered":"\t\t<div data-elementor-type=\"wp-page\" data-elementor-id=\"284\" class=\"elementor elementor-284\" data-elementor-post-type=\"page\">\n\t\t\t\t<div class=\"elementor-element elementor-element-243d4f6 e-flex e-con-boxed e-con e-parent\" data-id=\"243d4f6\" data-element_type=\"container\" data-e-type=\"container\">\n\t\t\t\t\t<div class=\"e-con-inner\">\n\t\t<div class=\"elementor-element elementor-element-416166f e-con-full e-flex e-con e-child\" data-id=\"416166f\" data-element_type=\"container\" data-e-type=\"container\">\n\t\t\t\t<div class=\"elementor-element elementor-element-49f71c6 elementor-widget elementor-widget-image\" data-id=\"49f71c6\" data-element_type=\"widget\" data-e-type=\"widget\" data-widget_type=\"image.default\">\n\t\t\t\t\t\t\t\t\t\t\t\t\t\t\t<img fetchpriority=\"high\" decoding=\"async\" width=\"228\" height=\"300\" src=\"https:\/\/sportsbol.com.br\/wp-content\/uploads\/2026\/02\/UberlandiaEC-228x300.png\" class=\"attachment-medium size-medium wp-image-286\" alt=\"\" srcset=\"https:\/\/sportsbol.com.br\/wp-content\/uploads\/2026\/02\/UberlandiaEC-228x300.png 228w, https:\/\/sportsbol.com.br\/wp-content\/uploads\/2026\/02\/UberlandiaEC.png 250w\" sizes=\"(max-width: 228px) 100vw, 228px\" \/>\t\t\t\t\t\t\t\t\t\t\t\t\t\t\t<\/div>\n\t\t\t\t<\/div>\n\t\t<div class=\"elementor-element elementor-element-06ebfe3 e-con-full e-flex e-con e-child\" data-id=\"06ebfe3\" data-element_type=\"container\" data-e-type=\"container\">\n\t\t<div class=\"elementor-element elementor-element-9ee2885 e-con-full e-flex e-con e-child\" data-id=\"9ee2885\" data-element_type=\"container\" data-e-type=\"container\">\n\t\t\t\t<div class=\"elementor-element elementor-element-e307a5d elementor-widget elementor-widget-heading\" data-id=\"e307a5d\" data-element_type=\"widget\" data-e-type=\"widget\" data-widget_type=\"heading.default\">\n\t\t\t\t\t<h2 class=\"elementor-heading-title elementor-size-default\">UberL\u00c2NDIA<\/h2>\t\t\t\t<\/div>\n\t\t\t\t<\/div>\n\t\t<div class=\"elementor-element elementor-element-df7f1f9 e-con-full e-flex e-con e-child\" data-id=\"df7f1f9\" data-element_type=\"container\" data-e-type=\"container\">\n\t\t\t\t<div class=\"elementor-element elementor-element-723a63f elementor-widget elementor-widget-heading\" data-id=\"723a63f\" data-element_type=\"widget\" data-e-type=\"widget\" data-widget_type=\"heading.default\">\n\t\t\t\t\t<h6 class=\"elementor-heading-title elementor-size-default\">UberL\u00c2NDIA Esporte Clube<br><br>Uberl\u00e2ndia, Minas Gerais, Brasil<br><br>Funda\u00e7\u00e3o: 01\/11\/1922<br><br>Mando de Campo: Parque do Sabi\u00e1<br><br><div class=\"flex flex-col text-sm\"><article class=\"text-token-text-primary w-full focus:outline-none [--shadow-height:45px] has-data-writing-block:pointer-events-none has-data-writing-block:-mt-(--shadow-height) has-data-writing-block:pt-(--shadow-height) [&amp;:has([data-writing-block])&gt;*]:pointer-events-auto scroll-mt-[calc(var(--header-height)+min(200px,max(70px,20svh)))]\" dir=\"auto\" data-turn-id=\"request-WEB:99825da2-7db6-4ed8-ba00-de90c2c7e76f-5\" data-testid=\"conversation-turn-12\" data-scroll-anchor=\"true\" data-turn=\"assistant\"><div class=\"text-base my-auto mx-auto pb-10 [--thread-content-margin:--spacing(4)] @w-sm\/main:[--thread-content-margin:--spacing(6)] @w-lg\/main:[--thread-content-margin:--spacing(16)] px-(--thread-content-margin)\"><div class=\"[--thread-content-max-width:40rem] @w-lg\/main:[--thread-content-max-width:48rem] mx-auto max-w-(--thread-content-max-width) flex-1 group\/turn-messages focus-visible:outline-hidden relative flex w-full min-w-0 flex-col agent-turn\"><div class=\"flex max-w-full flex-col grow\"><div data-message-author-role=\"assistant\" data-message-id=\"fb2caf91-51cd-4598-883c-c29080a7a9ca\" dir=\"auto\" data-message-model-slug=\"gpt-5-2\" class=\"min-h-8 text-message relative flex w-full flex-col items-end gap-2 text-start break-words whitespace-normal [.text-message+&amp;]:mt-1\"><div class=\"flex w-full flex-col gap-1 empty:hidden first:pt-[1px]\"><div class=\"markdown prose dark:prose-invert w-full wrap-break-word light markdown-new-styling\"><p data-start=\"0\" data-end=\"1327\" data-is-last-node=\"\" data-is-only-node=\"\">O <strong data-start=\"2\" data-end=\"43\">Uberl\u00e2ndia Esporte Clube<\/strong> \u00e9 um tradicional clube de futebol brasileiro sediado na cidade de <strong data-start=\"110\" data-end=\"151\">Uberl\u00e2ndia<\/strong>, no Tri\u00e2ngulo Mineiro, estado de <strong data-start=\"185\" data-end=\"226\">Minas Gerais<\/strong>.<br data-start=\"227\" data-end=\"230\">\nFundado em 1\u00ba de novembro de 1922, o clube \u00e9 uma das equipes mais hist\u00f3ricas do interior mineiro.<br data-start=\"327\" data-end=\"330\">\nConhecido como <strong data-start=\"345\" data-end=\"355\">Verd\u00e3o<\/strong>, o Uberl\u00e2ndia possui forte identidade regional.<br data-start=\"403\" data-end=\"406\">\nO time manda seus jogos no Est\u00e1dio Parque do Sabi\u00e1, um dos maiores est\u00e1dios do interior de Minas.<br data-start=\"503\" data-end=\"506\">\nSuas cores tradicionais s\u00e3o o verde e o branco.<br data-start=\"553\" data-end=\"556\">\nO maior feito da hist\u00f3ria do clube foi a conquista do Campeonato Brasileiro da S\u00e9rie B em 1984.<br data-start=\"651\" data-end=\"654\">\nEsse t\u00edtulo colocou o Uberl\u00e2ndia em destaque no cen\u00e1rio nacional.<br data-start=\"719\" data-end=\"722\">\nAo longo dos anos, o clube alternou participa\u00e7\u00f5es entre a elite e outras divis\u00f5es do Campeonato Mineiro.<br data-start=\"826\" data-end=\"829\">\nO Verd\u00e3o j\u00e1 protagonizou grandes campanhas estaduais.<br data-start=\"882\" data-end=\"885\">\nA torcida \u00e9 apaixonada e acompanha o time com orgulho.<br data-start=\"939\" data-end=\"942\">\nO clube tamb\u00e9m investe na forma\u00e7\u00e3o de jovens atletas.<br data-start=\"995\" data-end=\"998\">\nSua estrutura permite competir de forma organizada no futebol mineiro.<br data-start=\"1068\" data-end=\"1071\">\nO Uberl\u00e2ndia representa com for\u00e7a o Tri\u00e2ngulo Mineiro nas competi\u00e7\u00f5es.<br data-start=\"1141\" data-end=\"1144\">\nMesmo enfrentando desafios, mant\u00e9m tradi\u00e7\u00e3o e respeito no estado.<br data-start=\"1209\" data-end=\"1212\">\nAssim, o Uberl\u00e2ndia Esporte Clube segue como uma das principais refer\u00eancias do futebol do interior de Minas Gerais.<\/p><\/div><\/div><\/div><\/div><div class=\"z-0 flex min-h-[46px] justify-start\"><\/div><\/div><\/div><\/article><\/div><div aria-hidden=\"true\" data-edge=\"true\" class=\"pointer-events-none h-px w-px absolute bottom-0\"><\/div><\/h6>\t\t\t\t<\/div>\n\t\t\t\t<\/div>\n\t\t\t\t<\/div>\n\t\t\t\t\t<\/div>\n\t\t\t\t<\/div>\n\t\t<div class=\"elementor-element elementor-element-48f4c4c e-flex e-con-boxed e-con e-parent\" data-id=\"48f4c4c\" data-element_type=\"container\" data-e-type=\"container\">\n\t\t\t\t\t<div class=\"e-con-inner\">\n\t\t\t\t<div class=\"elementor-element elementor-element-18febe7 elementor-widget__width-initial elementor-widget elementor-widget-image\" data-id=\"18febe7\" data-element_type=\"widget\" data-e-type=\"widget\" data-widget_type=\"image.default\">\n\t\t\t\t\t\t\t\t\t\t\t\t\t\t\t<img decoding=\"async\" width=\"500\" height=\"350\" src=\"https:\/\/sportsbol.com.br\/wp-content\/uploads\/2026\/03\/Flag_of_Brazil.svg_.webp\" class=\"attachment-full size-full wp-image-1799\" alt=\"\" srcset=\"https:\/\/sportsbol.com.br\/wp-content\/uploads\/2026\/03\/Flag_of_Brazil.svg_.webp 500w, https:\/\/sportsbol.com.br\/wp-content\/uploads\/2026\/03\/Flag_of_Brazil.svg_-300x210.webp 300w\" sizes=\"(max-width: 500px) 100vw, 500px\" \/>\t\t\t\t\t\t\t\t\t\t\t\t\t\t\t<\/div>\n\t\t\t\t\t<\/div>\n\t\t\t\t<\/div>\n\t\t\t\t<\/div>\n\t\t","protected":false},"excerpt":{"rendered":"<p>UberL\u00c2NDIA UberL\u00c2NDIA Esporte Clube Uberl\u00e2ndia, Minas Gerais, Brasil Funda\u00e7\u00e3o: 01\/11\/1922 Mando de Campo: Parque do Sabi\u00e1 O Uberl\u00e2ndia Esporte Clube \u00e9 um tradicional clube de futebol brasileiro sediado na cidade de Uberl\u00e2ndia, no Tri\u00e2ngulo Mineiro, estado de Minas Gerais. Fundado em 1\u00ba de novembro de 1922, o clube \u00e9 uma das equipes mais hist\u00f3ricas do [&hellip;]<\/p>\n","protected":false},"author":1,"featured_media":0,"parent":0,"menu_order":0,"comment_status":"closed","ping_status":"closed","template":"","meta":{"zakra_page_container_layout":"customizer","zakra_page_sidebar_layout":"customizer","zakra_remove_content_margin":false,"zakra_sidebar":"customizer","zakra_transparent_header":"customizer","zakra_logo":0,"zakra_main_header_style":"default","zakra_menu_item_color":"","zakra_menu_item_hover_color":"","zakra_menu_item_active_color":"","zakra_menu_active_style":"","zakra_page_header":true,"footnotes":""},"class_list":["post-284","page","type-page","status-publish","hentry"],"_links":{"self":[{"href":"https:\/\/sportsbol.com.br\/index.php?rest_route=\/wp\/v2\/pages\/284","targetHints":{"allow":["GET"]}}],"collection":[{"href":"https:\/\/sportsbol.com.br\/index.php?rest_route=\/wp\/v2\/pages"}],"about":[{"href":"https:\/\/sportsbol.com.br\/index.php?rest_route=\/wp\/v2\/types\/page"}],"author":[{"embeddable":true,"href":"https:\/\/sportsbol.com.br\/index.php?rest_route=\/wp\/v2\/users\/1"}],"replies":[{"embeddable":true,"href":"https:\/\/sportsbol.com.br\/index.php?rest_route=%2Fwp%2Fv2%2Fcomments&post=284"}],"version-history":[{"count":20,"href":"https:\/\/sportsbol.com.br\/index.php?rest_route=\/wp\/v2\/pages\/284\/revisions"}],"predecessor-version":[{"id":2589,"href":"https:\/\/sportsbol.com.br\/index.php?rest_route=\/wp\/v2\/pages\/284\/revisions\/2589"}],"wp:attachment":[{"href":"https:\/\/sportsbol.com.br\/index.php?rest_route=%2Fwp%2Fv2%2Fmedia&parent=284"}],"curies":[{"name":"wp","href":"https:\/\/api.w.org\/{rel}","templated":true}]}}